{"id":50253,"date":"2024-05-12T16:18:15","date_gmt":"2024-05-12T13:18:15","guid":{"rendered":"https:\/\/msccruises.co.il\/?page_id=50253"},"modified":"2024-12-09T11:37:46","modified_gmt":"2024-12-09T09:37:46","slug":"sendai","status":"publish","type":"page","link":"https:\/\/msccruises.co.il\/en\/our-cruises\/destinations\/asia\/japan\/sendai\/","title":{"rendered":"Sendai"},"content":{"rendered":"<p><div class=\"fusion-fullwidth fullwidth-box fusion-builder-row-1 fusion-flex-container has-pattern-background has-mask-background hundred-percent-fullwidth non-hundred-percent-height-scrolling\" style=\"--awb-border-radius-top-left:0px;--awb-border-radius-top-right:0px;--awb-border-radius-bottom-right:0px;--awb-border-radius-bottom-left:0px;--awb-padding-right:0px;--awb-padding-left:0px;--awb-margin-top:5%;--awb-flex-wrap:wrap;\" ><div class=\"fusion-builder-row fusion-row fusion-flex-align-items-flex-start fusion-flex-content-wrap\" style=\"width:104% !important;max-width:104% !important;margin-left: calc(-4% \/ 2 );margin-right: calc(-4% \/ 2 );\"><div class=\"fusion-layout-column fusion_builder_column fusion-builder-column-0 fusion_builder_column_1_1 1_1 fusion-flex-column fusion-flex-align-self-flex-start\" style=\"--awb-padding-top:0px;--awb-padding-right:0px;--awb-padding-bottom:0px;--awb-padding-left:0px;--awb-bg-position:center top;--awb-bg-size:cover;--awb-width-large:100%;--awb-margin-top-large:0px;--awb-spacing-right-large:1.92%;--awb-margin-bottom-large:20px;--awb-spacing-left-large:1.92%;--awb-width-medium:100%;--awb-order-medium:0;--awb-spacing-right-medium:1.92%;--awb-spacing-left-medium:1.92%;--awb-width-small:100%;--awb-order-small:0;--awb-spacing-right-small:1.92%;--awb-spacing-left-small:1.92%;\" data-scroll-devices=\"small-visibility,medium-visibility,large-visibility\"><div class=\"fusion-column-wrapper fusion-column-has-shadow fusion-flex-justify-content-flex-start fusion-content-layout-column\"><div class=\"fusion-text fusion-text-1\"><div class=\"editorial-image-text--middle editorial-image-text--from-left\" style=\"text-align: center;\">\n<div class=\"fusion-fullwidth fullwidth-box fusion-builder-row-2 fusion-flex-container has-pattern-background has-mask-background hundred-percent-fullwidth non-hundred-percent-height-scrolling\">\n<div class=\"fusion-builder-row fusion-row fusion-flex-align-items-flex-start fusion-flex-content-wrap\">\n<div class=\"fusion-layout-column fusion_builder_column fusion-builder-column-3 fusion_builder_column_1_1 1_1 fusion-flex-column fusion-flex-align-self-flex-start\" data-motion-effects=\"&#091;{\" data-scroll-devices=\"small-visibility,medium-visibility,large-visibility\">\n<div class=\"fusion-column-wrapper fusion-column-has-shadow fusion-flex-justify-content-flex-start fusion-content-layout-column\">\n<div class=\"fusion-text fusion-text-3\">\n<div class=\"editorial-image-text--middle editorial-image-text--from-left\">\n<h1 class=\"page-title title-center\">SENDAI CRUISE<\/h1>\n<\/div>\n<\/div>\n<\/div>\n<\/div>\n<\/div>\n<\/div>\n<\/div>\n<\/div><\/div><\/div><\/div><\/div><div class=\"fusion-fullwidth fullwidth-box fusion-builder-row-2 fusion-flex-container has-pattern-background has-mask-background nonhundred-percent-fullwidth non-hundred-percent-height-scrolling\" style=\"--awb-border-radius-top-left:0px;--awb-border-radius-top-right:0px;--awb-border-radius-bottom-right:0px;--awb-border-radius-bottom-left:0px;--awb-padding-right-small:1%;--awb-padding-left-small:1%;--awb-flex-wrap:wrap;\" ><div class=\"fusion-builder-row fusion-row fusion-flex-align-items-flex-start fusion-flex-content-wrap\" style=\"max-width:calc( 1420px + 35px );margin-left: calc(-35px \/ 2 );margin-right: calc(-35px \/ 2 );\"><div class=\"fusion-layout-column fusion_builder_column fusion-builder-column-1 fusion_builder_column_3_5 3_5 fusion-flex-column fusion-flex-align-self-flex-start\" style=\"--awb-padding-right:0px;--awb-padding-left:0px;--awb-bg-size:cover;--awb-width-large:60%;--awb-margin-top-large:1%;--awb-spacing-right-large:17.5px;--awb-margin-bottom-large:20px;--awb-spacing-left-large:17.5px;--awb-width-medium:100%;--awb-order-medium:0;--awb-spacing-right-medium:17.5px;--awb-spacing-left-medium:17.5px;--awb-width-small:100%;--awb-order-small:0;--awb-spacing-right-small:17.5px;--awb-spacing-left-small:17.5px;\" data-scroll-devices=\"small-visibility,medium-visibility,large-visibility\"><div class=\"fusion-column-wrapper lazyload fusion-column-has-shadow fusion-flex-justify-content-flex-start fusion-content-layout-column fusion-empty-column-bg-image fusion-column-has-bg-image\" data-bg-url=\"https:\/\/msccruises.co.il\/wp-content\/uploads\/2024\/05\/SENDAI-1.jpg\" data-bg=\"https:\/\/msccruises.co.il\/wp-content\/uploads\/2024\/05\/SENDAI-1.jpg\"><img decoding=\"async\" class=\"fusion-empty-dims-img-placeholder\" aria-label=\"SENDAI\" src=\"data:image\/svg+xml,%3Csvg%20xmlns%3D%27http%3A%2F%2Fwww.w3.org%2F2000%2Fsvg%27%20width%3D%271232%27%20height%3D%27692%27%20viewBox%3D%270%200%201232%20692%27%3E%3Crect%20width%3D%271232%27%20height%3D%27692%27%20fill-opacity%3D%220%22%2F%3E%3C%2Fsvg%3E\"><\/div><\/div><div class=\"fusion-layout-column fusion_builder_column fusion-builder-column-2 fusion_builder_column_2_5 2_5 fusion-flex-column\" style=\"--awb-padding-right:0px;--awb-bg-size:cover;--awb-width-large:40%;--awb-margin-top-large:0px;--awb-spacing-right-large:0px;--awb-margin-bottom-large:20px;--awb-spacing-left-large:17.5px;--awb-width-medium:100%;--awb-order-medium:0;--awb-spacing-right-medium:17.5px;--awb-spacing-left-medium:17.5px;--awb-width-small:100%;--awb-order-small:0;--awb-spacing-right-small:17.5px;--awb-spacing-left-small:17.5px;\" data-scroll-devices=\"small-visibility,medium-visibility,large-visibility\"><div class=\"fusion-column-wrapper fusion-column-has-shadow fusion-flex-justify-content-flex-start fusion-content-layout-column\"><div class=\"fusion-text fusion-text-2\"><h3 dir=\"ltr\">A former feudal city<\/h3>\n<div class=\"editorial-text editorial-text--readmore\" dir=\"ltr\">\n<p>The largest city in the\u00a0<strong>T\u014dhoku<\/strong>\u00a0region, Sendai is a sprawling but pleasant place, with broad tree-lined avenues and a lively downtown district. The city\u2019s\u00a0<strong>castle ruins<\/strong>\u00a0and associated\u00a0<strong>history museum<\/strong>, and the ornate\u00a0<strong>mausoleum<\/strong>\u00a0of its revered founder, the daimy\u014d Date Masamune, are worth a brief visit.<\/p>\n<p>Though central\u00a0<strong>Sendai<\/strong>\u00a0had to be rebuilt after World War II, its streets follow the original grid pattern laid out by Masamune in the seventeenth century. The main downtown area, a high-rise district of offices, banks and shopping malls, lies on the east bank of the Hirose-gawa. Its principal thoroughfare,\u00a0<strong>Aoba-d\u014dri<\/strong>, runs west from the train station to the far side of the river, where the main historic sights are located. Roughly halfway along, it\u2019s crossed by bustling Ichiban-ch\u014d, which together with the covered Ch\u016b\u014d-d\u014dri forms the heart of a bustling nightlife and shopping neighbourhood.<\/p>\n<\/div>\n<\/div><div class=\"accordian fusion-accordian\" style=\"--awb-border-size:1px;--awb-icon-size:13px;--awb-content-font-size:16px;--awb-icon-alignment:left;--awb-hover-color:#f9f9f9;--awb-border-color:#cccccc;--awb-background-color:#ffffff;--awb-divider-color:var(--awb-color3);--awb-divider-hover-color:var(--awb-color3);--awb-icon-color:#ffffff;--awb-title-color:#ff690e;--awb-content-color:#201f1e;--awb-icon-box-color:#333333;--awb-toggle-hover-accent-color:#002d56;--awb-title-font-family:&quot;Open Sans&quot;;--awb-title-font-weight:700;--awb-title-font-style:normal;--awb-title-font-size:13px;--awb-content-font-family:&quot;Open Sans&quot;;--awb-content-font-style:normal;--awb-content-font-weight:regular;\"><div class=\"panel-group fusion-toggle-icon-boxed\" id=\"accordion-50253-1\"><div class=\"fusion-panel panel-default panel-a32997ce8038337d9 fusion-toggle-has-divider\" style=\"--awb-title-color:#ff690e;--awb-content-color:#201f1e;\"><div class=\"panel-heading\"><h4 class=\"panel-title toggle\" id=\"toggle_a32997ce8038337d9\"><a aria-expanded=\"false\" aria-controls=\"a32997ce8038337d9\" role=\"button\" data-toggle=\"collapse\" data-parent=\"#accordion-50253-1\" data-target=\"#a32997ce8038337d9\" href=\"#a32997ce8038337d9\"><span class=\"fusion-toggle-icon-wrapper\" aria-hidden=\"true\"><i class=\"fa-fusion-box active-icon awb-icon-minus\" aria-hidden=\"true\"><\/i><i class=\"fa-fusion-box inactive-icon awb-icon-plus\" aria-hidden=\"true\"><\/i><\/span><span class=\"fusion-toggle-heading\">Read More<\/span><\/a><\/h4><\/div><div id=\"a32997ce8038337d9\" class=\"panel-collapse collapse \" aria-labelledby=\"toggle_a32997ce8038337d9\"><div class=\"panel-body toggle-content fusion-clearfix\">\n<p dir=\"ltr\">The wooded hilltop park\u00a0<strong>Aobayama-k\u014den<\/strong>\u00a0was the original site of the magnificent Sendai Castle, popularly known as Aoba-j\u014d. Only a few stretches of wall and a reconstructed gateway remain, but the setting itself is superb, protected by the river to the east and a deep ravine on its south side. A magnificent watery maze of wooded, temple-topped islands, threaded through with mysterious channels and scattered with secret inlets,\u00a0<strong>Matsushima Bay<\/strong>\u00a0is officially designated one of Japan\u2019s top three scenic areas, Matsushima\u2019s roots date back as far as 828, when the Zen priest Jikaku Daishi Enrin founded\u00a0<strong>Zuigan-ji<\/strong>.<\/p>\n<p>That temple, together with associated shrines scattered in the woods nearby as well as on readily accessible islets just offshore, provides the focus for a hugely rewarding half-day stroll. Set well back from the bay, the temple is approached via an imposing grove of 400-year-old cedar trees. As well as walking up that central avenue, be sure to detour north to explore the many cave shrines hollowed into the rocks alongside.<\/p>\n<\/div><\/div><\/div><\/div><\/div><\/div><\/div><\/div><\/div><div class=\"fusion-fullwidth fullwidth-box fusion-builder-row-3 fusion-flex-container has-pattern-background has-mask-background nonhundred-percent-fullwidth non-hundred-percent-height-scrolling\" style=\"--awb-border-radius-top-left:0px;--awb-border-radius-top-right:0px;--awb-border-radius-bottom-right:0px;--awb-border-radius-bottom-left:0px;--awb-padding-right-small:1%;--awb-padding-left-small:1%;--awb-margin-top:5%;--awb-margin-top-small:15%;--awb-flex-wrap:wrap;\" ><div class=\"fusion-builder-row fusion-row fusion-flex-align-items-flex-start fusion-flex-content-wrap\" style=\"max-width:1476.8px;margin-left: calc(-4% \/ 2 );margin-right: calc(-4% \/ 2 );\"><div class=\"fusion-layout-column fusion_builder_column fusion-builder-column-3 fusion_builder_column_1_1 1_1 fusion-flex-column\" style=\"--awb-bg-size:cover;--awb-width-large:100%;--awb-margin-top-large:0px;--awb-spacing-right-large:1.92%;--awb-margin-bottom-large:20px;--awb-spacing-left-large:1.92%;--awb-width-medium:100%;--awb-order-medium:0;--awb-spacing-right-medium:1.92%;--awb-spacing-left-medium:1.92%;--awb-width-small:100%;--awb-order-small:0;--awb-spacing-right-small:1.92%;--awb-spacing-left-small:1.92%;\"><div class=\"fusion-column-wrapper fusion-column-has-shadow fusion-flex-justify-content-flex-start fusion-content-layout-column\"><div class=\"fusion-text fusion-text-3\"><h2 class=\"section-title title-line-decoration title-center\" style=\"text-align: center;\">CRUISES FROM \/ TO SENDAI<\/h2>\n<\/div><\/div><\/div><\/div><\/div><div class=\"fusion-fullwidth fullwidth-box fusion-builder-row-4 fusion-flex-container has-pattern-background has-mask-background nonhundred-percent-fullwidth non-hundred-percent-height-scrolling\" style=\"--awb-border-radius-top-left:0px;--awb-border-radius-top-right:0px;--awb-border-radius-bottom-right:0px;--awb-border-radius-bottom-left:0px;--awb-padding-right:0px;--awb-padding-left:0px;--awb-flex-wrap:wrap;\" ><div class=\"fusion-builder-row fusion-row fusion-flex-align-items-flex-start fusion-flex-content-wrap\" style=\"max-width:1476.8px;margin-left: calc(-4% \/ 2 );margin-right: calc(-4% \/ 2 );\"><div class=\"fusion-layout-column fusion_builder_column fusion-builder-column-4 fusion_builder_column_1_1 1_1 fusion-flex-column fusion-flex-align-self-flex-end\" style=\"--awb-padding-top:18%;--awb-padding-bottom:5%;--awb-bg-size:cover;--awb-width-large:100%;--awb-margin-top-large:0px;--awb-spacing-right-large:1.92%;--awb-margin-bottom-large:20px;--awb-spacing-left-large:1.92%;--awb-width-medium:100%;--awb-order-medium:0;--awb-spacing-right-medium:1.92%;--awb-spacing-left-medium:1.92%;--awb-width-small:100%;--awb-order-small:0;--awb-spacing-right-small:1.92%;--awb-spacing-left-small:1.92%;\" data-scroll-devices=\"small-visibility,medium-visibility,large-visibility\"><div class=\"fusion-column-wrapper lazyload fusion-column-has-shadow fusion-flex-justify-content-flex-end fusion-content-layout-column fusion-column-has-bg-image\" data-bg-url=\"https:\/\/msccruises.co.il\/wp-content\/uploads\/2023\/12\/cruise-to.jpg\" data-bg=\"https:\/\/msccruises.co.il\/wp-content\/uploads\/2023\/12\/cruise-to.jpg\"><div style=\"text-align:center;\"><a class=\"fusion-button button-flat fusion-button-default-size button-default fusion-button-default button-1 fusion-button-default-span fusion-button-default-type\" style=\"--button-border-radius-top-left:5px;--button-border-radius-top-right:5px;--button-border-radius-bottom-right:5px;--button-border-radius-bottom-left:5px;\" target=\"_blank\" rel=\"noopener noreferrer\"><span class=\"fusion-button-text awb-button__text awb-button__text--default\">Find Cruises To Sendai<\/span><\/a><\/div><\/div><\/div><\/div><\/div><\/p>\n","protected":false},"excerpt":{"rendered":"","protected":false},"author":21,"featured_media":0,"parent":47147,"menu_order":0,"comment_status":"closed","ping_status":"closed","template":"100-width.php","meta":{"_acf_changed":false,"footnotes":""},"categories":[270],"tags":[],"class_list":["post-50253","page","type-page","status-publish","hentry","category-ports"],"acf":[],"_links":{"self":[{"href":"https:\/\/msccruises.co.il\/en\/wp-json\/wp\/v2\/pages\/50253","targetHints":{"allow":["GET"]}}],"collection":[{"href":"https:\/\/msccruises.co.il\/en\/wp-json\/wp\/v2\/pages"}],"about":[{"href":"https:\/\/msccruises.co.il\/en\/wp-json\/wp\/v2\/types\/page"}],"author":[{"embeddable":true,"href":"https:\/\/msccruises.co.il\/en\/wp-json\/wp\/v2\/users\/21"}],"replies":[{"embeddable":true,"href":"https:\/\/msccruises.co.il\/en\/wp-json\/wp\/v2\/comments?post=50253"}],"version-history":[{"count":0,"href":"https:\/\/msccruises.co.il\/en\/wp-json\/wp\/v2\/pages\/50253\/revisions"}],"up":[{"embeddable":true,"href":"https:\/\/msccruises.co.il\/en\/wp-json\/wp\/v2\/pages\/47147"}],"wp:attachment":[{"href":"https:\/\/msccruises.co.il\/en\/wp-json\/wp\/v2\/media?parent=50253"}],"wp:term":[{"taxonomy":"category","embeddable":true,"href":"https:\/\/msccruises.co.il\/en\/wp-json\/wp\/v2\/categories?post=50253"},{"taxonomy":"post_tag","embeddable":true,"href":"https:\/\/msccruises.co.il\/en\/wp-json\/wp\/v2\/tags?post=50253"}],"curies":[{"name":"wp","href":"https:\/\/api.w.org\/{rel}","templated":true}]}}