{"id":48800,"date":"2024-04-17T10:52:30","date_gmt":"2024-04-17T07:52:30","guid":{"rendered":"https:\/\/msccruises.co.il\/?page_id=48800"},"modified":"2024-12-09T10:31:51","modified_gmt":"2024-12-09T08:31:51","slug":"la-coruna","status":"publish","type":"page","link":"https:\/\/msccruises.co.il\/en\/our-cruises\/destinations\/northern-europe\/spain\/la-coruna\/","title":{"rendered":"La Coruna"},"content":{"rendered":"<p><div class=\"fusion-fullwidth fullwidth-box fusion-builder-row-1 fusion-flex-container has-pattern-background has-mask-background hundred-percent-fullwidth non-hundred-percent-height-scrolling\" style=\"--awb-border-radius-top-left:0px;--awb-border-radius-top-right:0px;--awb-border-radius-bottom-right:0px;--awb-border-radius-bottom-left:0px;--awb-padding-right:0px;--awb-padding-left:0px;--awb-margin-top:5%;--awb-flex-wrap:wrap;\" ><div class=\"fusion-builder-row fusion-row fusion-flex-align-items-flex-start fusion-flex-content-wrap\" style=\"width:104% !important;max-width:104% !important;margin-left: calc(-4% \/ 2 );margin-right: calc(-4% \/ 2 );\"><div class=\"fusion-layout-column fusion_builder_column fusion-builder-column-0 fusion_builder_column_1_1 1_1 fusion-flex-column fusion-flex-align-self-flex-start\" style=\"--awb-padding-top:0px;--awb-padding-right:0px;--awb-padding-bottom:0px;--awb-padding-left:0px;--awb-bg-position:center top;--awb-bg-size:cover;--awb-width-large:100%;--awb-margin-top-large:0px;--awb-spacing-right-large:1.92%;--awb-margin-bottom-large:20px;--awb-spacing-left-large:1.92%;--awb-width-medium:100%;--awb-order-medium:0;--awb-spacing-right-medium:1.92%;--awb-spacing-left-medium:1.92%;--awb-width-small:100%;--awb-order-small:0;--awb-spacing-right-small:1.92%;--awb-spacing-left-small:1.92%;\" data-scroll-devices=\"small-visibility,medium-visibility,large-visibility\"><div class=\"fusion-column-wrapper fusion-column-has-shadow fusion-flex-justify-content-flex-start fusion-content-layout-column\"><div class=\"fusion-text fusion-text-1\"><div class=\"editorial-image-text--middle editorial-image-text--from-left\" style=\"text-align: center;\">\n<h1 class=\"page-title title-center\"><span style=\"color: #000033;\">LA CORUNA\u00a0CRUISE<\/span><\/h1>\n<\/div>\n<\/div><\/div><\/div><\/div><\/div><div class=\"fusion-fullwidth fullwidth-box fusion-builder-row-2 fusion-flex-container has-pattern-background has-mask-background nonhundred-percent-fullwidth non-hundred-percent-height-scrolling\" style=\"--awb-border-radius-top-left:0px;--awb-border-radius-top-right:0px;--awb-border-radius-bottom-right:0px;--awb-border-radius-bottom-left:0px;--awb-padding-right-small:1%;--awb-padding-left-small:1%;--awb-flex-wrap:wrap;\" ><div class=\"fusion-builder-row fusion-row fusion-flex-align-items-flex-start fusion-flex-content-wrap\" style=\"max-width:calc( 1420px + 35px );margin-left: calc(-35px \/ 2 );margin-right: calc(-35px \/ 2 );\"><div class=\"fusion-layout-column fusion_builder_column fusion-builder-column-1 fusion_builder_column_3_5 3_5 fusion-flex-column fusion-flex-align-self-flex-start\" style=\"--awb-padding-right:0px;--awb-padding-left:0px;--awb-bg-size:cover;--awb-width-large:60%;--awb-margin-top-large:1%;--awb-spacing-right-large:17.5px;--awb-margin-bottom-large:20px;--awb-spacing-left-large:17.5px;--awb-width-medium:100%;--awb-order-medium:0;--awb-spacing-right-medium:17.5px;--awb-spacing-left-medium:17.5px;--awb-width-small:100%;--awb-order-small:0;--awb-spacing-right-small:17.5px;--awb-spacing-left-small:17.5px;\" data-scroll-devices=\"small-visibility,medium-visibility,large-visibility\"><div class=\"fusion-column-wrapper lazyload fusion-column-has-shadow fusion-flex-justify-content-flex-start fusion-content-layout-column fusion-empty-column-bg-image fusion-column-has-bg-image\" data-bg-url=\"https:\/\/msccruises.co.il\/wp-content\/uploads\/2024\/04\/SANTIAGO.jpg\" data-bg=\"https:\/\/msccruises.co.il\/wp-content\/uploads\/2024\/04\/SANTIAGO.jpg\"><img decoding=\"async\" class=\"fusion-empty-dims-img-placeholder\" aria-label=\"SANTIAGO\" src=\"data:image\/svg+xml,%3Csvg%20xmlns%3D%27http%3A%2F%2Fwww.w3.org%2F2000%2Fsvg%27%20width%3D%27826%27%20height%3D%27478%27%20viewBox%3D%270%200%20826%20478%27%3E%3Crect%20width%3D%27826%27%20height%3D%27478%27%20fill-opacity%3D%220%22%2F%3E%3C%2Fsvg%3E\"><\/div><\/div><div class=\"fusion-layout-column fusion_builder_column fusion-builder-column-2 fusion_builder_column_2_5 2_5 fusion-flex-column\" style=\"--awb-padding-right:0px;--awb-bg-size:cover;--awb-width-large:40%;--awb-margin-top-large:0px;--awb-spacing-right-large:0px;--awb-margin-bottom-large:20px;--awb-spacing-left-large:17.5px;--awb-width-medium:100%;--awb-order-medium:0;--awb-spacing-right-medium:17.5px;--awb-spacing-left-medium:17.5px;--awb-width-small:100%;--awb-order-small:0;--awb-spacing-right-small:17.5px;--awb-spacing-left-small:17.5px;\" data-scroll-devices=\"small-visibility,medium-visibility,large-visibility\"><div class=\"fusion-column-wrapper fusion-column-has-shadow fusion-flex-justify-content-flex-start fusion-content-layout-column\"><div class=\"fusion-text fusion-text-2\"><h3 dir=\"ltr\"><span style=\"color: #000033;\">Start planning your cruise and book your excursions to La Coru\u00f1a<\/span><\/h3>\n<div class=\"editorial-text editorial-text--readmore\" dir=\"ltr\">\n<p><span style=\"color: #000033;\">The port city of La Coru\u00f1a, perched on a narrow peninsula on the Atlantic coast, is a maze of picturesque streets packed with lively tapas bars and restaurants. This marvellous\u00a0MSC Northern Europe Cruises\u00a0destination is only a short distance from Santiago de Compostela, one of the most attractive cities in Spain.<\/span><\/p>\n<p><span style=\"color: #000033;\">MSC Cruises excursions\u00a0offer plenty of exciting things to see including:<\/span><\/p>\n<p><span style=\"color: #000033;\">\u2022 Santiago de Compostela<\/span><br \/>\n<span style=\"color: #000033;\">\u2022 Betanzos<\/span><br \/>\n<span style=\"color: #000033;\">\u2022 La Coru\u00f1a Sightseeing, Wine-Tasting, and Galician Tapas<\/span><\/p>\n<p><span style=\"color: #000033;\">The\u00a0<strong>UNESCO World Heritage Site of Santiago de Compostela<\/strong>\u00a0is an evocative religious and historical centre.<\/span><\/p>\n<\/div>\n<\/div><div class=\"accordian fusion-accordian\" style=\"margin-top:1%;--awb-margin-top:1%;--awb-border-size:1px;--awb-icon-size:13px;--awb-content-font-size:16px;--awb-icon-alignment:left;--awb-hover-color:#f9f9f9;--awb-border-color:#cccccc;--awb-background-color:#ffffff;--awb-divider-color:var(--awb-color3);--awb-divider-hover-color:var(--awb-color3);--awb-icon-color:#ffffff;--awb-title-color:#ff690e;--awb-content-color:#201f1e;--awb-icon-box-color:#333333;--awb-toggle-hover-accent-color:#002d56;--awb-title-font-family:&quot;Open Sans&quot;;--awb-title-font-weight:700;--awb-title-font-style:normal;--awb-title-font-size:13px;--awb-content-font-family:&quot;Open Sans&quot;;--awb-content-font-style:normal;--awb-content-font-weight:regular;\"><div class=\"panel-group fusion-toggle-icon-boxed\" id=\"accordion-48800-1\"><div class=\"fusion-panel panel-default panel-beee832a5160b047e fusion-toggle-has-divider\" style=\"--awb-title-color:#ff690e;--awb-content-color:#201f1e;\"><div class=\"panel-heading\"><h4 class=\"panel-title toggle\" id=\"toggle_beee832a5160b047e\"><a aria-expanded=\"false\" aria-controls=\"beee832a5160b047e\" role=\"button\" data-toggle=\"collapse\" data-parent=\"#accordion-48800-1\" data-target=\"#beee832a5160b047e\" href=\"#beee832a5160b047e\"><span class=\"fusion-toggle-icon-wrapper\" aria-hidden=\"true\"><i class=\"fa-fusion-box active-icon awb-icon-minus\" aria-hidden=\"true\"><\/i><i class=\"fa-fusion-box inactive-icon awb-icon-plus\" aria-hidden=\"true\"><\/i><\/span><span class=\"fusion-toggle-heading\">Read More<\/span><\/a><\/h4><\/div><div id=\"beee832a5160b047e\" class=\"panel-collapse collapse \" aria-labelledby=\"toggle_beee832a5160b047e\"><div class=\"panel-body toggle-content fusion-clearfix\">\n<p dir=\"ltr\" style=\"text-align: left;\"><span style=\"color: #000033;\">On an MSC Cruises excursion, you\u2019ll enjoy a scenic coach ride through the Galician landscape before arriving at this remarkable city. Wander ancient streets to the\u00a0<strong>Praza do Obradoiro<\/strong>\u00a0to see the imposing cathedral with its Romanesque, Gothic and Baroque features. This supposed burial place of St. James the Great is the destination of the Way of St. James pilgrimage.<\/span><\/p>\n<p><span style=\"color: #000033;\">Take a memorable MSC Cruises excursion to the attractive town of\u00a0<strong>Betanzos<\/strong>, a medieval centre boasting glorious\u00a0<strong>Gothic monuments<\/strong>. Enjoy a leisurely stroll in the old quarter where you\u2019ll discover splendid palaces and magnificent churches. See the 13th-century\u00a0<strong>Igrexa de San Francisco<\/strong>, home to antique sarcophagi such as the tomb of Fern\u00e1n P\u00e9rez de Andrade, and the 12th-century Igrexa de Santiago. On your way back to La Coru\u00f1a, pass by the striking Hercules Tower, an antique Roman lighthouse that is still in operation.<\/span><\/p>\n<p><span style=\"color: #000033;\">See Europe\u2019s longest waterfront promenade on an MSC Cruises excursion to the city of La Coru\u00f1a. Admire the harbour buildings and the mesmerising reflections of their glittering glass windows. Also known as the &#8216;<strong>City of Glass<\/strong>\u2019, La Coruna is a significant medieval centre which has flourished over the centuries. Here, you\u2019ll take in the 16th-century\u00a0<strong>Castle of San Ant\u00f3n<\/strong>\u00a0standing on a picturesque island linked to the mainland. Venturing along the coastline, pass forests, Galician villages, and ivory white beaches. Stop at the\u00a0<strong>UNESCO World Heritage Site of Hercules Tower<\/strong>\u00a0before savouring tapas and wine at an authentic local eatery.<\/span><\/p>\n<\/div><\/div><\/div><\/div><\/div><\/div><\/div><\/div><\/div><div class=\"fusion-fullwidth fullwidth-box fusion-builder-row-3 fusion-flex-container has-pattern-background has-mask-background nonhundred-percent-fullwidth non-hundred-percent-height-scrolling\" style=\"--awb-border-radius-top-left:0px;--awb-border-radius-top-right:0px;--awb-border-radius-bottom-right:0px;--awb-border-radius-bottom-left:0px;--awb-padding-right-small:1%;--awb-padding-left-small:1%;--awb-margin-top:5%;--awb-margin-top-small:15%;--awb-flex-wrap:wrap;\" ><div class=\"fusion-builder-row fusion-row fusion-flex-align-items-flex-start fusion-flex-content-wrap\" style=\"max-width:1476.8px;margin-left: calc(-4% \/ 2 );margin-right: calc(-4% \/ 2 );\"><div class=\"fusion-layout-column fusion_builder_column fusion-builder-column-3 fusion_builder_column_1_1 1_1 fusion-flex-column\" style=\"--awb-bg-size:cover;--awb-width-large:100%;--awb-margin-top-large:0px;--awb-spacing-right-large:1.92%;--awb-margin-bottom-large:20px;--awb-spacing-left-large:1.92%;--awb-width-medium:100%;--awb-order-medium:0;--awb-spacing-right-medium:1.92%;--awb-spacing-left-medium:1.92%;--awb-width-small:100%;--awb-order-small:0;--awb-spacing-right-small:1.92%;--awb-spacing-left-small:1.92%;\"><div class=\"fusion-column-wrapper fusion-column-has-shadow fusion-flex-justify-content-flex-start fusion-content-layout-column\"><div class=\"fusion-text fusion-text-3\"><h2 class=\"section-title title-line-decoration title-center\" style=\"text-align: center;\"><span style=\"color: #000033;\">CRUISES FROM \/ TO LA CORUNA (SANTIAGO DE COMPOSTELA)<\/span><\/h2>\n<\/div><\/div><\/div><\/div><\/div><div class=\"fusion-fullwidth fullwidth-box fusion-builder-row-4 fusion-flex-container has-pattern-background has-mask-background nonhundred-percent-fullwidth non-hundred-percent-height-scrolling\" style=\"--awb-border-radius-top-left:0px;--awb-border-radius-top-right:0px;--awb-border-radius-bottom-right:0px;--awb-border-radius-bottom-left:0px;--awb-padding-right:0px;--awb-padding-left:0px;--awb-flex-wrap:wrap;\" ><div class=\"fusion-builder-row fusion-row fusion-flex-align-items-flex-start fusion-flex-content-wrap\" style=\"max-width:1476.8px;margin-left: calc(-4% \/ 2 );margin-right: calc(-4% \/ 2 );\"><div class=\"fusion-layout-column fusion_builder_column fusion-builder-column-4 fusion_builder_column_1_1 1_1 fusion-flex-column fusion-flex-align-self-flex-end fusion-column-inner-bg-wrapper\" style=\"--awb-padding-top:18%;--awb-padding-bottom:5%;--awb-inner-bg-size:cover;--awb-width-large:100%;--awb-margin-top-large:0px;--awb-spacing-right-large:1.92%;--awb-margin-bottom-large:20px;--awb-spacing-left-large:1.92%;--awb-width-medium:100%;--awb-order-medium:0;--awb-spacing-right-medium:1.92%;--awb-spacing-left-medium:1.92%;--awb-width-small:100%;--awb-order-small:0;--awb-spacing-right-small:1.92%;--awb-spacing-left-small:1.92%;\" data-scroll-devices=\"small-visibility,medium-visibility,large-visibility\"><span class=\"fusion-column-inner-bg hover-type-none\"><a class=\"fusion-column-anchor\" href=\"https:\/\/book.msccruises.co.il\/swift\/cruise?siid=923637&#038;lang=1&#038;destinationType=All&#038;PortsOfCall=La%20Coruna&#038;sortColumn=price&#038;sortOrder=asc\" rel=\"noopener noreferrer\" target=\"_blank\"><span class=\"fusion-column-inner-bg-image lazyload\" data-bg=\"https:\/\/msccruises.co.il\/wp-content\/uploads\/2023\/12\/cruise-to.jpg\"><\/span><\/a><\/span><div class=\"fusion-column-wrapper fusion-column-has-shadow fusion-flex-justify-content-flex-end fusion-content-layout-column fusion-column-has-bg-image\" data-bg-url=\"https:\/\/msccruises.co.il\/wp-content\/uploads\/2023\/12\/cruise-to.jpg\"><div style=\"text-align:center;\"><a class=\"fusion-button button-flat fusion-button-default-size button-default fusion-button-default button-1 fusion-button-default-span fusion-button-default-type\" style=\"--button-border-radius-top-left:5px;--button-border-radius-top-right:5px;--button-border-radius-bottom-right:5px;--button-border-radius-bottom-left:5px;\" target=\"_blank\" rel=\"noopener noreferrer\"><span class=\"fusion-button-text awb-button__text awb-button__text--default\">Find Cruises To La Coruna (Santiago de Compostela)<\/span><\/a><\/div><\/div><\/div><\/div><\/div><\/p>\n","protected":false},"excerpt":{"rendered":"","protected":false},"author":21,"featured_media":0,"parent":48774,"menu_order":0,"comment_status":"closed","ping_status":"closed","template":"100-width.php","meta":{"_acf_changed":false,"footnotes":""},"categories":[270],"tags":[],"class_list":["post-48800","page","type-page","status-publish","hentry","category-ports"],"acf":[],"_links":{"self":[{"href":"https:\/\/msccruises.co.il\/en\/wp-json\/wp\/v2\/pages\/48800","targetHints":{"allow":["GET"]}}],"collection":[{"href":"https:\/\/msccruises.co.il\/en\/wp-json\/wp\/v2\/pages"}],"about":[{"href":"https:\/\/msccruises.co.il\/en\/wp-json\/wp\/v2\/types\/page"}],"author":[{"embeddable":true,"href":"https:\/\/msccruises.co.il\/en\/wp-json\/wp\/v2\/users\/21"}],"replies":[{"embeddable":true,"href":"https:\/\/msccruises.co.il\/en\/wp-json\/wp\/v2\/comments?post=48800"}],"version-history":[{"count":0,"href":"https:\/\/msccruises.co.il\/en\/wp-json\/wp\/v2\/pages\/48800\/revisions"}],"up":[{"embeddable":true,"href":"https:\/\/msccruises.co.il\/en\/wp-json\/wp\/v2\/pages\/48774"}],"wp:attachment":[{"href":"https:\/\/msccruises.co.il\/en\/wp-json\/wp\/v2\/media?parent=48800"}],"wp:term":[{"taxonomy":"category","embeddable":true,"href":"https:\/\/msccruises.co.il\/en\/wp-json\/wp\/v2\/categories?post=48800"},{"taxonomy":"post_tag","embeddable":true,"href":"https:\/\/msccruises.co.il\/en\/wp-json\/wp\/v2\/tags?post=48800"}],"curies":[{"name":"wp","href":"https:\/\/api.w.org\/{rel}","templated":true}]}}