{"id":48500,"date":"2024-04-15T09:34:51","date_gmt":"2024-04-15T06:34:51","guid":{"rendered":"https:\/\/msccruises.co.il\/?page_id=48500"},"modified":"2024-12-05T17:53:34","modified_gmt":"2024-12-05T15:53:34","slug":"salvador","status":"publish","type":"page","link":"https:\/\/msccruises.co.il\/en\/our-cruises\/destinations\/south-america\/brazil\/salvador\/","title":{"rendered":"Salvador"},"content":{"rendered":"<p><div class=\"fusion-fullwidth fullwidth-box fusion-builder-row-1 fusion-flex-container has-pattern-background has-mask-background hundred-percent-fullwidth non-hundred-percent-height-scrolling\" style=\"--awb-border-radius-top-left:0px;--awb-border-radius-top-right:0px;--awb-border-radius-bottom-right:0px;--awb-border-radius-bottom-left:0px;--awb-padding-right:0px;--awb-padding-left:0px;--awb-flex-wrap:wrap;\" ><div class=\"fusion-builder-row fusion-row fusion-flex-align-items-flex-start fusion-flex-content-wrap\" style=\"width:104% !important;max-width:104% !important;margin-left: calc(-4% \/ 2 );margin-right: calc(-4% \/ 2 );\"><div class=\"fusion-layout-column fusion_builder_column fusion-builder-column-0 fusion_builder_column_1_1 1_1 fusion-flex-column fusion-flex-align-self-flex-start\" style=\"--awb-padding-top:0px;--awb-padding-right:0px;--awb-padding-bottom:0px;--awb-padding-left:0px;--awb-bg-position:center top;--awb-bg-size:cover;--awb-width-large:100%;--awb-margin-top-large:5%;--awb-spacing-right-large:1.92%;--awb-margin-bottom-large:20px;--awb-spacing-left-large:1.92%;--awb-width-medium:100%;--awb-order-medium:0;--awb-spacing-right-medium:1.92%;--awb-spacing-left-medium:1.92%;--awb-width-small:100%;--awb-order-small:0;--awb-spacing-right-small:1.92%;--awb-spacing-left-small:1.92%;\" data-scroll-devices=\"small-visibility,medium-visibility,large-visibility\"><div class=\"fusion-column-wrapper fusion-column-has-shadow fusion-flex-justify-content-flex-start fusion-content-layout-column\"><div class=\"fusion-text fusion-text-1\"><div class=\"editorial-image-text--middle editorial-image-text--from-left\" style=\"text-align: center;\">\n<h1 class=\"page-title title-center\"><span style=\"color: #000033;\">SALVADOR\u00a0CRUISE<\/span><\/h1>\n<\/div>\n<\/div><\/div><\/div><\/div><\/div><div class=\"fusion-fullwidth fullwidth-box fusion-builder-row-2 fusion-flex-container has-pattern-background has-mask-background nonhundred-percent-fullwidth non-hundred-percent-height-scrolling\" style=\"--awb-border-radius-top-left:0px;--awb-border-radius-top-right:0px;--awb-border-radius-bottom-right:0px;--awb-border-radius-bottom-left:0px;--awb-padding-right-small:1%;--awb-padding-left-small:1%;--awb-flex-wrap:wrap;\" ><div class=\"fusion-builder-row fusion-row fusion-flex-align-items-flex-start fusion-flex-content-wrap\" style=\"max-width:calc( 1420px + 35px );margin-left: calc(-35px \/ 2 );margin-right: calc(-35px \/ 2 );\"><div class=\"fusion-layout-column fusion_builder_column fusion-builder-column-1 fusion_builder_column_3_5 3_5 fusion-flex-column fusion-flex-align-self-flex-start\" style=\"--awb-padding-right:0px;--awb-padding-left:0px;--awb-bg-size:cover;--awb-width-large:60%;--awb-margin-top-large:1%;--awb-spacing-right-large:17.5px;--awb-margin-bottom-large:20px;--awb-spacing-left-large:17.5px;--awb-width-medium:100%;--awb-order-medium:0;--awb-spacing-right-medium:17.5px;--awb-spacing-left-medium:17.5px;--awb-width-small:100%;--awb-order-small:0;--awb-spacing-right-small:17.5px;--awb-spacing-left-small:17.5px;\" data-scroll-devices=\"small-visibility,medium-visibility,large-visibility\"><div class=\"fusion-column-wrapper lazyload fusion-column-has-shadow fusion-flex-justify-content-flex-start fusion-content-layout-column fusion-empty-column-bg-image fusion-column-has-bg-image\" data-bg-url=\"https:\/\/msccruises.co.il\/wp-content\/uploads\/2024\/04\/SAL.jpg\" data-bg=\"https:\/\/msccruises.co.il\/wp-content\/uploads\/2024\/04\/SAL.jpg\"><img decoding=\"async\" class=\"fusion-empty-dims-img-placeholder\" aria-label=\"SAL\" src=\"data:image\/svg+xml,%3Csvg%20xmlns%3D%27http%3A%2F%2Fwww.w3.org%2F2000%2Fsvg%27%20width%3D%27835%27%20height%3D%27475%27%20viewBox%3D%270%200%20835%20475%27%3E%3Crect%20width%3D%27835%27%20height%3D%27475%27%20fill-opacity%3D%220%22%2F%3E%3C%2Fsvg%3E\"><\/div><\/div><div class=\"fusion-layout-column fusion_builder_column fusion-builder-column-2 fusion_builder_column_2_5 2_5 fusion-flex-column\" style=\"--awb-padding-right:0px;--awb-bg-size:cover;--awb-width-large:40%;--awb-margin-top-large:0px;--awb-spacing-right-large:0px;--awb-margin-bottom-large:20px;--awb-spacing-left-large:17.5px;--awb-width-medium:100%;--awb-order-medium:0;--awb-spacing-right-medium:17.5px;--awb-spacing-left-medium:17.5px;--awb-width-small:100%;--awb-order-small:0;--awb-spacing-right-small:17.5px;--awb-spacing-left-small:17.5px;\" data-scroll-devices=\"small-visibility,medium-visibility,large-visibility\"><div class=\"fusion-column-wrapper fusion-column-has-shadow fusion-flex-justify-content-flex-start fusion-content-layout-column\"><div class=\"fusion-text fusion-text-2\"><h4 dir=\"ltr\"><span style=\"color: #000033;\">Two worlds collide: Africa and Brazil<\/span><\/h4>\n<div class=\"editorial-text editorial-text--readmore\" dir=\"ltr\"><span style=\"color: #000033;\">High above the enormous bay of Todos os Santos (All Saints), where your MSC\u00a0cruise ship\u00a0awaits your return,\u00a0<strong>Salvador de Bahia<\/strong>\u00a0has an electric feel from the moment you arrive.<\/span><br \/>\n<span style=\"color: #000033;\">This is the great cultural and historical centre of Brazil, where Afro-Brazilian heritage is strongest and where\u00a0<strong>capoeira<\/strong>,\u00a0<strong><em>candombl\u00e9<\/em><\/strong>\u00a0and\u00a0<strong><em>samba de roda<\/em><\/strong>\u00a0were created.<\/span><br \/>\n<span style=\"color: #000033;\">MSC\u00a0South America cruises\u00a0offer excursions to the\u00a0<em>centro hist\u00f3rico<\/em>\u00a0of this magical place, a melange of narrow cobbled streets, peeling purple walls, grand Baroque churches, kids kicking footballs, rastas, locals sipping bottled beer on plastic chairs, the wafting aroma of herbs and the almost constant beating of drums, especially as the sun sets. Beyond the old town Salvador is a vast, sprawling city, with a vibrant beach life, modern skyscrapers and plenty of favelas.<\/span><br \/>\n<span style=\"color: #000033;\">The\u00a0<em>centro hist\u00f3rico<\/em>\u00a0is the traditional heart of\u00a0<strong>Salvador<\/strong>; it\u2019s built around the craggy, 70m-high bluff that dominates the eastern side of the bay, and is split into upper and lower sections.\u00a0<strong>Cidade Alta<\/strong>\u00a0(or simply \u201cCentro\u201d) is strung along its top, linked to the less interesting\u00a0<strong>Cidade<\/strong><\/span><\/div>\n<\/div><div class=\"accordian fusion-accordian\" style=\"margin-top:1%;--awb-margin-top:1%;--awb-border-size:1px;--awb-icon-size:13px;--awb-content-font-size:16px;--awb-icon-alignment:left;--awb-hover-color:#f9f9f9;--awb-border-color:#cccccc;--awb-background-color:#ffffff;--awb-divider-color:var(--awb-color3);--awb-divider-hover-color:var(--awb-color3);--awb-icon-color:#ffffff;--awb-title-color:#ff690e;--awb-content-color:#201f1e;--awb-icon-box-color:#333333;--awb-toggle-hover-accent-color:#002d56;--awb-title-font-family:&quot;Open Sans&quot;;--awb-title-font-weight:700;--awb-title-font-style:normal;--awb-title-font-size:13px;--awb-content-font-family:&quot;Open Sans&quot;;--awb-content-font-style:normal;--awb-content-font-weight:regular;\"><div class=\"panel-group fusion-toggle-icon-boxed\" id=\"accordion-48500-1\"><div class=\"fusion-panel panel-default panel-2ebc76b9b4ac79e70 fusion-toggle-has-divider\" style=\"--awb-title-color:#ff690e;--awb-content-color:#201f1e;\"><div class=\"panel-heading\"><h4 class=\"panel-title toggle\" id=\"toggle_2ebc76b9b4ac79e70\"><a aria-expanded=\"false\" aria-controls=\"2ebc76b9b4ac79e70\" role=\"button\" data-toggle=\"collapse\" data-parent=\"#accordion-48500-1\" data-target=\"#2ebc76b9b4ac79e70\" href=\"#2ebc76b9b4ac79e70\"><span class=\"fusion-toggle-icon-wrapper\" aria-hidden=\"true\"><i class=\"fa-fusion-box active-icon awb-icon-minus\" aria-hidden=\"true\"><\/i><i class=\"fa-fusion-box inactive-icon awb-icon-plus\" aria-hidden=\"true\"><\/i><\/span><span class=\"fusion-toggle-heading\">Read More<\/span><\/a><\/h4><\/div><div id=\"2ebc76b9b4ac79e70\" class=\"panel-collapse collapse \" aria-labelledby=\"toggle_2ebc76b9b4ac79e70\"><div class=\"panel-body toggle-content fusion-clearfix\">\n<p dir=\"ltr\" style=\"text-align: left;\"><span style=\"color: #000033;\">Baixa (the old commercial centre, aka \u201cCom\u00e9rcio\u201d) by\u00a0<strong>precipitous streets<\/strong>\u00a0and the towering\u00a0<strong>Art Deco<\/strong>\u00a0lift-shaft of the\u00a0<strong>Elevador Lacerda<\/strong>. Cidade Alta is the cultural centre of the city, and the section known as the\u00a0<strong>Pelourinho<\/strong>\u00a0is the groovy old district with colourful and hilly winding streets, its most vibrant and beguiling neighbourhood.<\/span><br \/>\n<span style=\"color: #000033;\">The best spot to begin a walking tour of the city is at the\u00a0<strong>Pra\u00e7a Municipal<\/strong>, the square dominated by the impressive\u00a0<strong>Pal\u00e1cio do Rio Branco<\/strong>, the old governor\u2019s palace which was in use until 1979. The fine interior is a blend of Rococo plasterwork, polished wooden floors and painted walls and ceilings.<\/span><\/p>\n<\/div><\/div><\/div><\/div><\/div><\/div><\/div><\/div><\/div><div class=\"fusion-fullwidth fullwidth-box fusion-builder-row-3 fusion-flex-container has-pattern-background has-mask-background nonhundred-percent-fullwidth non-hundred-percent-height-scrolling\" style=\"--awb-border-radius-top-left:0px;--awb-border-radius-top-right:0px;--awb-border-radius-bottom-right:0px;--awb-border-radius-bottom-left:0px;--awb-padding-right-small:1%;--awb-padding-left-small:1%;--awb-margin-top:5%;--awb-margin-top-small:15%;--awb-flex-wrap:wrap;\" ><div class=\"fusion-builder-row fusion-row fusion-flex-align-items-flex-start fusion-flex-content-wrap\" style=\"max-width:1476.8px;margin-left: calc(-4% \/ 2 );margin-right: calc(-4% \/ 2 );\"><div class=\"fusion-layout-column fusion_builder_column fusion-builder-column-3 fusion_builder_column_1_1 1_1 fusion-flex-column\" style=\"--awb-bg-size:cover;--awb-width-large:100%;--awb-margin-top-large:0px;--awb-spacing-right-large:1.92%;--awb-margin-bottom-large:20px;--awb-spacing-left-large:1.92%;--awb-width-medium:100%;--awb-order-medium:0;--awb-spacing-right-medium:1.92%;--awb-spacing-left-medium:1.92%;--awb-width-small:100%;--awb-order-small:0;--awb-spacing-right-small:1.92%;--awb-spacing-left-small:1.92%;\"><div class=\"fusion-column-wrapper fusion-column-has-shadow fusion-flex-justify-content-flex-start fusion-content-layout-column\"><div class=\"fusion-text fusion-text-3\"><h2 class=\"section-title title-line-decoration title-center\" style=\"text-align: center;\"><span style=\"color: #000033;\">CRUISES FROM \/ TO SALVADOR<\/span><\/h2>\n<\/div><\/div><\/div><\/div><\/div><div class=\"fusion-fullwidth fullwidth-box fusion-builder-row-4 fusion-flex-container has-pattern-background has-mask-background nonhundred-percent-fullwidth non-hundred-percent-height-scrolling\" style=\"--awb-border-radius-top-left:0px;--awb-border-radius-top-right:0px;--awb-border-radius-bottom-right:0px;--awb-border-radius-bottom-left:0px;--awb-padding-right:0px;--awb-padding-left:0px;--awb-flex-wrap:wrap;\" ><div class=\"fusion-builder-row fusion-row fusion-flex-align-items-flex-start fusion-flex-content-wrap\" style=\"max-width:1476.8px;margin-left: calc(-4% \/ 2 );margin-right: calc(-4% \/ 2 );\"><div class=\"fusion-layout-column fusion_builder_column fusion-builder-column-4 fusion_builder_column_1_2 1_2 fusion-flex-column fusion-flex-align-self-flex-end fusion-column-inner-bg-wrapper\" style=\"--awb-padding-top:35%;--awb-padding-bottom:5%;--awb-inner-bg-size:cover;--awb-width-large:50%;--awb-margin-top-large:0px;--awb-spacing-right-large:3.84%;--awb-margin-bottom-large:20px;--awb-spacing-left-large:3.84%;--awb-width-medium:100%;--awb-order-medium:0;--awb-spacing-right-medium:1.92%;--awb-spacing-left-medium:1.92%;--awb-width-small:100%;--awb-order-small:0;--awb-spacing-right-small:1.92%;--awb-spacing-left-small:1.92%;\" data-scroll-devices=\"small-visibility,medium-visibility,large-visibility\"><span class=\"fusion-column-inner-bg hover-type-none\"><a class=\"fusion-column-anchor\" href=\"https:\/\/book.msccruises.co.il\/swift\/cruise?siid=923637&#038;lang=1&#038;destinationType=All&#038;ArrivalPorts=SSA&#038;sortColumn=price&#038;sortOrder=asc\" rel=\"noopener noreferrer\" target=\"_blank\"><span class=\"fusion-column-inner-bg-image lazyload\" data-bg=\"https:\/\/msccruises.co.il\/wp-content\/uploads\/2023\/12\/cruise-to.jpg\"><\/span><\/a><\/span><div class=\"fusion-column-wrapper fusion-column-has-shadow fusion-flex-justify-content-flex-end fusion-content-layout-column fusion-column-has-bg-image\" data-bg-url=\"https:\/\/msccruises.co.il\/wp-content\/uploads\/2023\/12\/cruise-to.jpg\"><div style=\"text-align:center;\"><a class=\"fusion-button button-flat fusion-button-default-size button-default fusion-button-default button-1 fusion-button-default-span fusion-button-default-type\" style=\"--button-border-radius-top-left:5px;--button-border-radius-top-right:5px;--button-border-radius-bottom-right:5px;--button-border-radius-bottom-left:5px;\" target=\"_blank\" rel=\"noopener noreferrer\"><span class=\"fusion-button-text awb-button__text awb-button__text--default\">Find Cruises To Salvador<\/span><\/a><\/div><\/div><\/div><div class=\"fusion-layout-column fusion_builder_column fusion-builder-column-5 fusion_builder_column_1_2 1_2 fusion-flex-column fusion-flex-align-self-flex-end fusion-column-inner-bg-wrapper\" style=\"--awb-padding-top:35%;--awb-padding-bottom:5%;--awb-inner-bg-size:cover;--awb-width-large:50%;--awb-margin-top-large:0px;--awb-spacing-right-large:3.84%;--awb-margin-bottom-large:20px;--awb-spacing-left-large:3.84%;--awb-width-medium:100%;--awb-order-medium:0;--awb-spacing-right-medium:1.92%;--awb-spacing-left-medium:1.92%;--awb-width-small:100%;--awb-order-small:0;--awb-spacing-right-small:1.92%;--awb-spacing-left-small:1.92%;\" data-scroll-devices=\"small-visibility,medium-visibility,large-visibility\"><span class=\"fusion-column-inner-bg hover-type-none\"><a class=\"fusion-column-anchor\" href=\"https:\/\/book.msccruises.co.il\/swift\/cruise?siid=923637&#038;lang=1&#038;destinationType=All&#038;DeparturePorts=SSA&#038;sortColumn=price&#038;sortOrder=asc\" rel=\"noopener noreferrer\" target=\"_blank\"><span class=\"fusion-column-inner-bg-image lazyload\" data-bg=\"https:\/\/msccruises.co.il\/wp-content\/uploads\/2023\/12\/cruise-from-1.jpg\"><\/span><\/a><\/span><div class=\"fusion-column-wrapper fusion-column-has-shadow fusion-flex-justify-content-flex-end fusion-content-layout-column fusion-column-has-bg-image\" data-bg-url=\"https:\/\/msccruises.co.il\/wp-content\/uploads\/2023\/12\/cruise-from-1.jpg\"><div style=\"text-align:center;\"><a class=\"fusion-button button-flat fusion-button-default-size button-default fusion-button-default button-2 fusion-button-default-span fusion-button-default-type\" style=\"--button-border-radius-top-left:5px;--button-border-radius-top-right:5px;--button-border-radius-bottom-right:5px;--button-border-radius-bottom-left:5px;\" target=\"_blank\" rel=\"noopener noreferrer\"><span class=\"fusion-button-text awb-button__text awb-button__text--default\">Find Cruises From Salvador<\/span><\/a><\/div><\/div><\/div><\/div><\/div><div class=\"fusion-fullwidth fullwidth-box fusion-builder-row-5 fusion-flex-container has-pattern-background has-mask-background nonhundred-percent-fullwidth non-hundred-percent-height-scrolling fusion-no-small-visibility\" style=\"--awb-border-radius-top-left:0px;--awb-border-radius-top-right:0px;--awb-border-radius-bottom-right:0px;--awb-border-radius-bottom-left:0px;--awb-margin-top:5%;--awb-margin-bottom:0px;--awb-margin-top-small:15%;--awb-flex-wrap:wrap;\" ><div class=\"fusion-builder-row fusion-row fusion-flex-align-items-center fusion-flex-content-wrap\" style=\"max-width:1476.8px;margin-left: calc(-4% \/ 2 );margin-right: calc(-4% \/ 2 );\"><div class=\"fusion-layout-column fusion_builder_column fusion-builder-column-6 fusion_builder_column_1_1 1_1 fusion-flex-column\" style=\"--awb-bg-size:cover;--awb-width-large:100%;--awb-margin-top-large:0px;--awb-spacing-right-large:1.92%;--awb-margin-bottom-large:20px;--awb-spacing-left-large:1.92%;--awb-width-medium:100%;--awb-order-medium:0;--awb-spacing-right-medium:1.92%;--awb-spacing-left-medium:1.92%;--awb-width-small:100%;--awb-order-small:0;--awb-spacing-right-small:1.92%;--awb-spacing-left-small:1.92%;\"><div class=\"fusion-column-wrapper fusion-column-has-shadow fusion-flex-justify-content-flex-start fusion-content-layout-column\"><div class=\"fusion-text fusion-text-4\"><h2 class=\"section-title title-center\" style=\"text-align: center;\"><span style=\"color: #000033;\">TRAVEL TO THE SALVADOR CRUISE TERMINAL<\/span><\/h2>\n<\/div><div class=\"fusion-tabs fusion-tabs-1 classic nav-is-justified horizontal-tabs icon-position-left mobile-mode-accordion\" style=\"--awb-margin-top:4%;--awb-title-border-radius-top-left:0px;--awb-title-border-radius-top-right:0px;--awb-title-border-radius-bottom-right:0px;--awb-title-border-radius-bottom-left:0px;--awb-content-padding-top:2%;--awb-title-padding-top:7%;--awb-title-padding-bottom:7%;--awb-alignment:start;--awb-inactive-color:#ebeaea;--awb-background-color:#ffffff;--awb-border-color:#ffffff;--awb-active-border-color:#000e55;\"><div class=\"nav\"><ul class=\"nav-tabs nav-justified\" role=\"tablist\"><li class=\"active\" role=\"presentation\"><a class=\"tab-link\" data-toggle=\"tab\" role=\"tab\" aria-controls=\"tab-d13cdc8d03718438caf\" aria-selected=\"true\" id=\"fusion-tab-plane\" href=\"#tab-d13cdc8d03718438caf\"><div class=\"fusion-tab-heading\">PLANE<\/div><\/a><\/li><\/ul><\/div><div class=\"tab-content\"><div class=\"nav fusion-mobile-tab-nav\"><ul class=\"nav-tabs nav-justified\" role=\"tablist\"><li class=\"active\" role=\"presentation\"><a class=\"tab-link\" data-toggle=\"tab\" role=\"tab\" aria-controls=\"tab-d13cdc8d03718438caf\" aria-selected=\"true\" id=\"mobile-fusion-tab-plane\" href=\"#tab-d13cdc8d03718438caf\"><div class=\"fusion-tab-heading\">PLANE<\/div><\/a><\/li><\/ul><\/div><div class=\"tab-pane fade fusion-clearfix in active\" role=\"tabpanel\" tabindex=\"0\" aria-labelledby=\"fusion-tab-plane\" id=\"tab-d13cdc8d03718438caf\">\n<table class=\" alignleft\" dir=\"ltr\" style=\"width: 100%; border-collapse: collapse;\">\n<tbody>\n<tr>\n<td style=\"width: 30%; vertical-align: top;\" scope=\"col\"><strong>Salvador International Airport (Deputado Luiz Antonio Magalh\u00e3es Airport)<\/strong><\/p>\n<p>Travelling by car, head northeast \u00a0on to Pra\u00e7a Gago Coutinho, then turn left to stay on Pra\u00e7a Gago Coutinho and turn left once more to again stay on Pra\u00e7a Gago Coutinho. Continue onto Avenida Tenente Frederico Gustavo dos Santos and take the ramp signposted Salvador. The road you are on will merge into Av. Caryb\u00e9. Continue onto Av. Luis Viana and then Av. Tancredo Neves and Avenida Ant\u00f4nio Carlos Magalh\u00e3es. Take the exit on the left signposted Retiro\/Centro\/Cidade Baixa. Keep right at the fork and join Avenida M\u00e1rio Leal Ferreira. Continue onto Avenida Presidente Castelo Branco and follow this road through the T\u00fanel Am\u00e9rico Simas-D\/Av. Presidente Castelo Branco. Continue along Av. Presidente Castelo Branco, then turn left onto Rua Estado de Israel and left again onto Avenida da Fran\u00e7a. Now turn left onto Rua da Su\u00e9cia and finally right onto Avenida da Fran\u00e7a. The port is approximately 28 km from the airport.<br \/>\nTaxis and private cars are available to take you to the Port.<br \/>\nThe journey takes about 40 minutes, depending on the traffic. There is also a bus service which takes about 1 hour.<\/td>\n<td style=\"width: 3%; vertical-align: top;\"><strong>\u00a0<\/strong><\/td>\n<td style=\"width: 30%; vertical-align: top;\" scope=\"col\">\n<div class=\"tabs__content__reach__coleft\"><\/div>\n<\/td>\n<td style=\"width: 3%; vertical-align: top;\"><strong>\u00a0<\/strong><\/td>\n<td style=\"width: 30%; vertical-align: top;\" scope=\"col\"><\/td>\n<\/tr>\n<\/tbody>\n<\/table>\n<\/div><\/div><\/div><\/div><\/div><\/div><\/div><div class=\"fusion-fullwidth fullwidth-box fusion-builder-row-6 fusion-flex-container has-pattern-background has-mask-background hundred-percent-fullwidth non-hundred-percent-height-scrolling fusion-no-medium-visibility fusion-no-large-visibility\" style=\"--awb-border-radius-top-left:0px;--awb-border-radius-top-right:0px;--awb-border-radius-bottom-right:0px;--awb-border-radius-bottom-left:0px;--awb-padding-right:0px;--awb-padding-left:0px;--awb-margin-top:5%;--awb-margin-bottom:5%;--awb-margin-top-small:15%;--awb-margin-bottom-small:15%;--awb-flex-wrap:wrap;\" ><div class=\"fusion-builder-row fusion-row fusion-flex-align-items-flex-start fusion-flex-content-wrap\" style=\"width:104% !important;max-width:104% !important;margin-left: calc(-4% \/ 2 );margin-right: calc(-4% \/ 2 );\"><div class=\"fusion-layout-column fusion_builder_column fusion-builder-column-7 fusion_builder_column_1_1 1_1 fusion-flex-column\" style=\"--awb-padding-right:0px;--awb-padding-left:0px;--awb-padding-right-small:0px;--awb-padding-left-small:0px;--awb-bg-size:cover;--awb-width-large:100%;--awb-margin-top-large:0px;--awb-spacing-right-large:1.92%;--awb-margin-bottom-large:20px;--awb-spacing-left-large:1.92%;--awb-width-medium:100%;--awb-order-medium:0;--awb-spacing-right-medium:1.92%;--awb-spacing-left-medium:1.92%;--awb-width-small:100%;--awb-order-small:0;--awb-spacing-right-small:1.92%;--awb-spacing-left-small:1.92%;\" data-scroll-devices=\"small-visibility,medium-visibility,large-visibility\"><div class=\"fusion-column-wrapper fusion-column-has-shadow fusion-flex-justify-content-flex-start fusion-content-layout-column\"><div class=\"fusion-text fusion-text-5\"><h2 class=\"section-title title-center\" style=\"text-align: center;\"><span style=\"color: #000033;\">TRAVEL TO THE SALVADOR CRUISE TERMINAL<\/span><\/h2>\n<\/div><div class=\"fusion-tabs fusion-tabs-2 classic fusion-no-medium-visibility fusion-no-large-visibility nav-is-justified horizontal-tabs icon-position-left mobile-mode-carousel mobile-sticky-tabs\" style=\"--awb-title-border-radius-top-left:0px;--awb-title-border-radius-top-right:0px;--awb-title-border-radius-bottom-right:0px;--awb-title-border-radius-bottom-left:0px;--awb-content-padding-top:2%;--awb-content-padding-top-small:15%;--awb-title-padding-top-small:15%;--awb-alignment:start;--awb-inactive-color:#ffffff;--awb-title-text-color:#000033;--awb-background-color:#ffffff;--awb-border-color:#ffffff;--awb-active-border-color:#000e55;\"><div class=\"nav\"><ul class=\"nav-tabs nav-justified\" role=\"tablist\"><li class=\"active\" role=\"presentation\"><a class=\"tab-link\" data-toggle=\"tab\" role=\"tab\" aria-controls=\"tab-9092acd76cc8a6edb84\" aria-selected=\"true\" id=\"fusion-tab-plane\" href=\"#tab-9092acd76cc8a6edb84\"><h4 class=\"fusion-tab-heading\">PLANE<\/h4><\/a><\/li><\/ul><\/div><div class=\"tab-content\"><div class=\"tab-pane fade fusion-clearfix in active\" role=\"tabpanel\" tabindex=\"0\" aria-labelledby=\"fusion-tab-plane\" id=\"tab-9092acd76cc8a6edb84\">\n<div class=\"ewa-rteLine\" dir=\"ltr\">\n<p><strong>Salvador International Airport (Deputado Luiz Antonio Magalh\u00e3es Airport)<\/strong><\/p>\n<p>Travelling by car, head northeast \u00a0on to Pra\u00e7a Gago Coutinho, then turn left to stay on Pra\u00e7a Gago Coutinho and turn left once more to again stay on Pra\u00e7a Gago Coutinho. Continue onto Avenida Tenente Frederico Gustavo dos Santos and take the ramp signposted Salvador. The road you are on will merge into Av. Caryb\u00e9. Continue onto Av. Luis Viana and then Av. Tancredo Neves and Avenida Ant\u00f4nio Carlos Magalh\u00e3es. Take the exit on the left signposted Retiro\/Centro\/Cidade Baixa. Keep right at the fork and join Avenida M\u00e1rio Leal Ferreira. Continue onto Avenida Presidente Castelo Branco and follow this road through the T\u00fanel Am\u00e9rico Simas-D\/Av. Presidente Castelo Branco. Continue along Av. Presidente Castelo Branco, then turn left onto Rua Estado de Israel and left again onto Avenida da Fran\u00e7a. Now turn left onto Rua da Su\u00e9cia and finally right onto Avenida da Fran\u00e7a. The port is approximately 28 km from the airport.<br \/>\nTaxis and private cars are available to take you to the Port.<br \/>\nThe journey takes about 40 minutes, depending on the traffic. There is also a bus service which takes about 1 hour.<\/p>\n<\/div>\n<\/div><\/div><\/div><\/div><\/div><\/div><\/div><\/p>\n","protected":false},"excerpt":{"rendered":"","protected":false},"author":21,"featured_media":0,"parent":48242,"menu_order":0,"comment_status":"closed","ping_status":"closed","template":"100-width.php","meta":{"_acf_changed":false,"footnotes":""},"categories":[270],"tags":[],"class_list":["post-48500","page","type-page","status-publish","hentry","category-ports"],"acf":[],"_links":{"self":[{"href":"https:\/\/msccruises.co.il\/en\/wp-json\/wp\/v2\/pages\/48500","targetHints":{"allow":["GET"]}}],"collection":[{"href":"https:\/\/msccruises.co.il\/en\/wp-json\/wp\/v2\/pages"}],"about":[{"href":"https:\/\/msccruises.co.il\/en\/wp-json\/wp\/v2\/types\/page"}],"author":[{"embeddable":true,"href":"https:\/\/msccruises.co.il\/en\/wp-json\/wp\/v2\/users\/21"}],"replies":[{"embeddable":true,"href":"https:\/\/msccruises.co.il\/en\/wp-json\/wp\/v2\/comments?post=48500"}],"version-history":[{"count":0,"href":"https:\/\/msccruises.co.il\/en\/wp-json\/wp\/v2\/pages\/48500\/revisions"}],"up":[{"embeddable":true,"href":"https:\/\/msccruises.co.il\/en\/wp-json\/wp\/v2\/pages\/48242"}],"wp:attachment":[{"href":"https:\/\/msccruises.co.il\/en\/wp-json\/wp\/v2\/media?parent=48500"}],"wp:term":[{"taxonomy":"category","embeddable":true,"href":"https:\/\/msccruises.co.il\/en\/wp-json\/wp\/v2\/categories?post=48500"},{"taxonomy":"post_tag","embeddable":true,"href":"https:\/\/msccruises.co.il\/en\/wp-json\/wp\/v2\/tags?post=48500"}],"curies":[{"name":"wp","href":"https:\/\/api.w.org\/{rel}","templated":true}]}}