{"id":48343,"date":"2024-04-14T11:45:16","date_gmt":"2024-04-14T08:45:16","guid":{"rendered":"https:\/\/msccruises.co.il\/?page_id=48343"},"modified":"2024-12-05T17:17:10","modified_gmt":"2024-12-05T15:17:10","slug":"flaam","status":"publish","type":"page","link":"https:\/\/msccruises.co.il\/en\/our-cruises\/destinations\/northern-europe\/norway\/flaam\/","title":{"rendered":"Flaam"},"content":{"rendered":"<p><div class=\"fusion-fullwidth fullwidth-box fusion-builder-row-1 fusion-flex-container has-pattern-background has-mask-background hundred-percent-fullwidth non-hundred-percent-height-scrolling\" style=\"--awb-border-radius-top-left:0px;--awb-border-radius-top-right:0px;--awb-border-radius-bottom-right:0px;--awb-border-radius-bottom-left:0px;--awb-padding-right:0px;--awb-padding-left:0px;--awb-flex-wrap:wrap;\" ><div class=\"fusion-builder-row fusion-row fusion-flex-align-items-flex-start fusion-flex-content-wrap\" style=\"width:104% !important;max-width:104% !important;margin-left: calc(-4% \/ 2 );margin-right: calc(-4% \/ 2 );\"><div class=\"fusion-layout-column fusion_builder_column fusion-builder-column-0 fusion_builder_column_1_1 1_1 fusion-flex-column fusion-flex-align-self-flex-start\" style=\"--awb-padding-top:0px;--awb-padding-right:0px;--awb-padding-bottom:0px;--awb-padding-left:0px;--awb-bg-position:center top;--awb-bg-size:cover;--awb-width-large:100%;--awb-margin-top-large:5%;--awb-spacing-right-large:1.92%;--awb-margin-bottom-large:20px;--awb-spacing-left-large:1.92%;--awb-width-medium:100%;--awb-order-medium:0;--awb-spacing-right-medium:1.92%;--awb-spacing-left-medium:1.92%;--awb-width-small:100%;--awb-order-small:0;--awb-spacing-right-small:1.92%;--awb-spacing-left-small:1.92%;\" data-scroll-devices=\"small-visibility,medium-visibility,large-visibility\"><div class=\"fusion-column-wrapper fusion-column-has-shadow fusion-flex-justify-content-flex-start fusion-content-layout-column\"><div class=\"fusion-text fusion-text-1\"><div class=\"editorial-image-text--middle editorial-image-text--from-left\" style=\"text-align: center;\">\n<h1 class=\"page-title title-center\"><span style=\"color: #000033;\">FLAAM CRUISES<\/span><\/h1>\n<\/div>\n<\/div><\/div><\/div><\/div><\/div><div class=\"fusion-fullwidth fullwidth-box fusion-builder-row-2 fusion-flex-container has-pattern-background has-mask-background nonhundred-percent-fullwidth non-hundred-percent-height-scrolling\" style=\"--awb-border-radius-top-left:0px;--awb-border-radius-top-right:0px;--awb-border-radius-bottom-right:0px;--awb-border-radius-bottom-left:0px;--awb-padding-right-small:1%;--awb-padding-left-small:1%;--awb-flex-wrap:wrap;\" ><div class=\"fusion-builder-row fusion-row fusion-flex-align-items-flex-start fusion-flex-content-wrap\" style=\"max-width:calc( 1420px + 35px );margin-left: calc(-35px \/ 2 );margin-right: calc(-35px \/ 2 );\"><div class=\"fusion-layout-column fusion_builder_column fusion-builder-column-1 fusion_builder_column_3_5 3_5 fusion-flex-column fusion-flex-align-self-flex-start\" style=\"--awb-padding-right:0px;--awb-padding-left:0px;--awb-bg-size:cover;--awb-width-large:60%;--awb-margin-top-large:1%;--awb-spacing-right-large:17.5px;--awb-margin-bottom-large:20px;--awb-spacing-left-large:17.5px;--awb-width-medium:100%;--awb-order-medium:0;--awb-spacing-right-medium:17.5px;--awb-spacing-left-medium:17.5px;--awb-width-small:100%;--awb-order-small:0;--awb-spacing-right-small:17.5px;--awb-spacing-left-small:17.5px;\" data-scroll-devices=\"small-visibility,medium-visibility,large-visibility\"><div class=\"fusion-column-wrapper lazyload fusion-column-has-shadow fusion-flex-justify-content-flex-start fusion-content-layout-column fusion-empty-column-bg-image fusion-column-has-bg-image\" data-bg-url=\"https:\/\/msccruises.co.il\/wp-content\/uploads\/2024\/04\/FLAAM.jpg\" data-bg=\"https:\/\/msccruises.co.il\/wp-content\/uploads\/2024\/04\/FLAAM.jpg\"><img decoding=\"async\" class=\"fusion-empty-dims-img-placeholder\" aria-label=\"FLAAM\" src=\"data:image\/svg+xml,%3Csvg%20xmlns%3D%27http%3A%2F%2Fwww.w3.org%2F2000%2Fsvg%27%20width%3D%27835%27%20height%3D%27476%27%20viewBox%3D%270%200%20835%20476%27%3E%3Crect%20width%3D%27835%27%20height%3D%27476%27%20fill-opacity%3D%220%22%2F%3E%3C%2Fsvg%3E\"><\/div><\/div><div class=\"fusion-layout-column fusion_builder_column fusion-builder-column-2 fusion_builder_column_2_5 2_5 fusion-flex-column\" style=\"--awb-padding-right:0px;--awb-bg-size:cover;--awb-width-large:40%;--awb-margin-top-large:0px;--awb-spacing-right-large:0px;--awb-margin-bottom-large:20px;--awb-spacing-left-large:17.5px;--awb-width-medium:100%;--awb-order-medium:0;--awb-spacing-right-medium:17.5px;--awb-spacing-left-medium:17.5px;--awb-width-small:100%;--awb-order-small:0;--awb-spacing-right-small:17.5px;--awb-spacing-left-small:17.5px;\" data-scroll-devices=\"small-visibility,medium-visibility,large-visibility\"><div class=\"fusion-column-wrapper fusion-column-has-shadow fusion-flex-justify-content-flex-start fusion-content-layout-column\"><div class=\"fusion-text fusion-text-2\"><h4 dir=\"ltr\"><span style=\"color: #000033;\">Start planning your cruise and book your excursions to Flaam<\/span><\/h4>\n<div class=\"editorial-text editorial-text--readmore\" dir=\"ltr\">\n<p><span style=\"color: #000033;\">Visit Norway, an\u00a0MSC Northern Europe Cruises\u00a0destination, for an epic adventure among mountains and fjords. Cruise down the Sognefjord to the picturesque port of Fl\u00e5m, located at the end of the Aurlandsfjorden. A village celebrated for its stunning harbour, 17th-century church, and scenic railway, Fl\u00e5m offers some exceptional excursions. Discover N\u00e6r\u00f8yfjord, a beautiful nearby inlet, or take in the views at the Stegastein platform.<\/span><\/p>\n<p><span style=\"color: #000033;\">MSC Cruises excursions\u00a0offer plenty of exciting things to see including:<\/span><\/p>\n<p><span style=\"color: #000033;\">\u2022 N\u00e6r\u00f8yfjord Pleasure Cruise<\/span><br \/>\n<span style=\"color: #000033;\">\u2022 The Fl\u00e5m Railway<\/span><br \/>\n<span style=\"color: #000033;\">\u2022 Stegastein Viewpoint<\/span><\/p>\n<p><span style=\"color: #000033;\">An MSC Cruises excursion to\u00a0<strong>N\u00e6r\u00f8yfjord\u00a0<\/strong>is an experience of a lifetime, offering spectacular views of Nordic landscapes on a scenic boat and coach ride.<\/span><\/p>\n<\/div>\n<\/div><div class=\"accordian fusion-accordian\" style=\"margin-top:1%;--awb-margin-top:1%;--awb-border-size:1px;--awb-icon-size:13px;--awb-content-font-size:16px;--awb-icon-alignment:left;--awb-hover-color:#f9f9f9;--awb-border-color:#cccccc;--awb-background-color:#ffffff;--awb-divider-color:var(--awb-color3);--awb-divider-hover-color:var(--awb-color3);--awb-icon-color:#ffffff;--awb-title-color:#ff690e;--awb-content-color:#201f1e;--awb-icon-box-color:#333333;--awb-toggle-hover-accent-color:#002d56;--awb-title-font-family:&quot;Open Sans&quot;;--awb-title-font-weight:700;--awb-title-font-style:normal;--awb-title-font-size:13px;--awb-content-font-family:&quot;Open Sans&quot;;--awb-content-font-style:normal;--awb-content-font-weight:regular;\"><div class=\"panel-group fusion-toggle-icon-boxed\" id=\"accordion-48343-1\"><div class=\"fusion-panel panel-default panel-96d9f09c5d282450b fusion-toggle-has-divider\" style=\"--awb-title-color:#ff690e;--awb-content-color:#201f1e;\"><div class=\"panel-heading\"><h4 class=\"panel-title toggle\" id=\"toggle_96d9f09c5d282450b\"><a aria-expanded=\"false\" aria-controls=\"96d9f09c5d282450b\" role=\"button\" data-toggle=\"collapse\" data-parent=\"#accordion-48343-1\" data-target=\"#96d9f09c5d282450b\" href=\"#96d9f09c5d282450b\"><span class=\"fusion-toggle-icon-wrapper\" aria-hidden=\"true\"><i class=\"fa-fusion-box active-icon awb-icon-minus\" aria-hidden=\"true\"><\/i><i class=\"fa-fusion-box inactive-icon awb-icon-plus\" aria-hidden=\"true\"><\/i><\/span><span class=\"fusion-toggle-heading\">Read More<\/span><\/a><\/h4><\/div><div id=\"96d9f09c5d282450b\" class=\"panel-collapse collapse \" aria-labelledby=\"toggle_96d9f09c5d282450b\"><div class=\"panel-body toggle-content fusion-clearfix\">\n<p dir=\"ltr\" style=\"text-align: left;\"><span style=\"color: #000033;\">After a short walk to the pier, begin a blissful cruise on N\u00e6r\u00f8yfjord and Aurlandsfjord before disembarking in Gudvangen. Then, proceed by coach through the magical N\u00e6r\u00f8ydalen Valley with its fairy-tale peaks and thundering cascades. At Stalheim Hotel, enjoy a cup of delicious coffee, before travelling along the old mountain road of\u00a0<strong>Stalheimskleiva<\/strong>. Take in Stalheimsfossen and Sivlefossen \u2013 two of the country\u2019s most spectacular waterfalls.<\/span><\/p>\n<p><span style=\"color: #000033;\">Norway, a country celebrated for its wild and rugged scenery, is crossed by scenic railways. An MSC Cruises excursion offers a lovely day out, admiring breathtaking backdrops from the comfort of a train. From Voss on\u00a0<strong>lake Vangsvatnet<\/strong>, embark on a journey through astonishing landscapes before arriving at the\u00a0<strong>Myrdal mountain railway station.<\/strong>\u00a0After changing trains, you\u2019ll venture into the magnificent\u00a0<strong>Fl\u00e5m Valley<\/strong>\u00a0where you\u2019ll admire\u00a0<strong>Kjosfossen waterfall\u00a0<\/strong>and other natural treasures.<\/span><\/p>\n<p><span style=\"color: #000033;\">The extraordinary fjords and mountains of Norway offer endless inspiration. The viewpoint at\u00a0<strong>Stegastein<\/strong>, an MSC Cruises excursion, offers the most breathtaking views of the countryside. Travelling along a winding road, you\u2019ll gaze at deep blue waters and\u00a0<strong>panoramic peaks<\/strong>. At Stegastein, traverse a steel and wooden walkway suspended over the mountainside, which offers unmatched views of the dramatic scenery.<\/span><\/p>\n<\/div><\/div><\/div><\/div><\/div><\/div><\/div><\/div><\/div><div class=\"fusion-fullwidth fullwidth-box fusion-builder-row-3 fusion-flex-container has-pattern-background has-mask-background nonhundred-percent-fullwidth non-hundred-percent-height-scrolling\" style=\"--awb-border-radius-top-left:0px;--awb-border-radius-top-right:0px;--awb-border-radius-bottom-right:0px;--awb-border-radius-bottom-left:0px;--awb-padding-right-small:1%;--awb-padding-left-small:1%;--awb-margin-top:5%;--awb-margin-top-small:15%;--awb-flex-wrap:wrap;\" ><div class=\"fusion-builder-row fusion-row fusion-flex-align-items-flex-start fusion-flex-content-wrap\" style=\"max-width:1476.8px;margin-left: calc(-4% \/ 2 );margin-right: calc(-4% \/ 2 );\"><div class=\"fusion-layout-column fusion_builder_column fusion-builder-column-3 fusion_builder_column_1_1 1_1 fusion-flex-column\" style=\"--awb-bg-size:cover;--awb-width-large:100%;--awb-margin-top-large:0px;--awb-spacing-right-large:1.92%;--awb-margin-bottom-large:20px;--awb-spacing-left-large:1.92%;--awb-width-medium:100%;--awb-order-medium:0;--awb-spacing-right-medium:1.92%;--awb-spacing-left-medium:1.92%;--awb-width-small:100%;--awb-order-small:0;--awb-spacing-right-small:1.92%;--awb-spacing-left-small:1.92%;\"><div class=\"fusion-column-wrapper fusion-column-has-shadow fusion-flex-justify-content-flex-start fusion-content-layout-column\"><div class=\"fusion-text fusion-text-3\"><h2 class=\"section-title title-line-decoration title-center\" style=\"text-align: center;\"><span style=\"color: #000033;\">CRUISES FROM \/ TO FLAAM\u00a0<\/span><\/h2>\n<\/div><\/div><\/div><\/div><\/div><div class=\"fusion-fullwidth fullwidth-box fusion-builder-row-4 fusion-flex-container has-pattern-background has-mask-background nonhundred-percent-fullwidth non-hundred-percent-height-scrolling\" style=\"--awb-border-radius-top-left:0px;--awb-border-radius-top-right:0px;--awb-border-radius-bottom-right:0px;--awb-border-radius-bottom-left:0px;--awb-padding-right:0px;--awb-padding-left:0px;--awb-flex-wrap:wrap;\" ><div class=\"fusion-builder-row fusion-row fusion-flex-align-items-flex-start fusion-flex-content-wrap\" style=\"max-width:1476.8px;margin-left: calc(-4% \/ 2 );margin-right: calc(-4% \/ 2 );\"><div class=\"fusion-layout-column fusion_builder_column fusion-builder-column-4 fusion_builder_column_1_1 1_1 fusion-flex-column fusion-flex-align-self-flex-end fusion-column-inner-bg-wrapper\" style=\"--awb-padding-top:18%;--awb-padding-bottom:5%;--awb-inner-bg-size:cover;--awb-width-large:100%;--awb-margin-top-large:0px;--awb-spacing-right-large:1.92%;--awb-margin-bottom-large:20px;--awb-spacing-left-large:1.92%;--awb-width-medium:100%;--awb-order-medium:0;--awb-spacing-right-medium:1.92%;--awb-spacing-left-medium:1.92%;--awb-width-small:100%;--awb-order-small:0;--awb-spacing-right-small:1.92%;--awb-spacing-left-small:1.92%;\" data-scroll-devices=\"small-visibility,medium-visibility,large-visibility\"><span class=\"fusion-column-inner-bg hover-type-none\"><a class=\"fusion-column-anchor\" href=\"https:\/\/book.msccruises.co.il\/swift\/cruise?siid=923637&#038;lang=1&#038;destinationtype=All&#038;PortsOfCall=Flaam&#038;sortColumn=price&#038;sortOrder=ascHav\" rel=\"noopener noreferrer\" target=\"_blank\"><span class=\"fusion-column-inner-bg-image lazyload\" data-bg=\"https:\/\/msccruises.co.il\/wp-content\/uploads\/2023\/12\/cruise-to.jpg\"><\/span><\/a><\/span><div class=\"fusion-column-wrapper fusion-column-has-shadow fusion-flex-justify-content-flex-end fusion-content-layout-column fusion-column-has-bg-image\" data-bg-url=\"https:\/\/msccruises.co.il\/wp-content\/uploads\/2023\/12\/cruise-to.jpg\"><div style=\"text-align:center;\"><a class=\"fusion-button button-flat fusion-button-default-size button-default fusion-button-default button-1 fusion-button-default-span fusion-button-default-type\" style=\"--button-border-radius-top-left:5px;--button-border-radius-top-right:5px;--button-border-radius-bottom-right:5px;--button-border-radius-bottom-left:5px;\" target=\"_blank\" rel=\"noopener noreferrer\"><span class=\"fusion-button-text awb-button__text awb-button__text--default\">Find Cruises To Flaam<\/span><\/a><\/div><\/div><\/div><\/div><\/div><\/p>\n","protected":false},"excerpt":{"rendered":"","protected":false},"author":21,"featured_media":0,"parent":34418,"menu_order":0,"comment_status":"closed","ping_status":"closed","template":"100-width.php","meta":{"_acf_changed":false,"footnotes":""},"categories":[270],"tags":[],"class_list":["post-48343","page","type-page","status-publish","hentry","category-ports"],"acf":[],"_links":{"self":[{"href":"https:\/\/msccruises.co.il\/en\/wp-json\/wp\/v2\/pages\/48343","targetHints":{"allow":["GET"]}}],"collection":[{"href":"https:\/\/msccruises.co.il\/en\/wp-json\/wp\/v2\/pages"}],"about":[{"href":"https:\/\/msccruises.co.il\/en\/wp-json\/wp\/v2\/types\/page"}],"author":[{"embeddable":true,"href":"https:\/\/msccruises.co.il\/en\/wp-json\/wp\/v2\/users\/21"}],"replies":[{"embeddable":true,"href":"https:\/\/msccruises.co.il\/en\/wp-json\/wp\/v2\/comments?post=48343"}],"version-history":[{"count":0,"href":"https:\/\/msccruises.co.il\/en\/wp-json\/wp\/v2\/pages\/48343\/revisions"}],"up":[{"embeddable":true,"href":"https:\/\/msccruises.co.il\/en\/wp-json\/wp\/v2\/pages\/34418"}],"wp:attachment":[{"href":"https:\/\/msccruises.co.il\/en\/wp-json\/wp\/v2\/media?parent=48343"}],"wp:term":[{"taxonomy":"category","embeddable":true,"href":"https:\/\/msccruises.co.il\/en\/wp-json\/wp\/v2\/categories?post=48343"},{"taxonomy":"post_tag","embeddable":true,"href":"https:\/\/msccruises.co.il\/en\/wp-json\/wp\/v2\/tags?post=48343"}],"curies":[{"name":"wp","href":"https:\/\/api.w.org\/{rel}","templated":true}]}}