{"id":48270,"date":"2024-04-14T09:41:18","date_gmt":"2024-04-14T06:41:18","guid":{"rendered":"https:\/\/msccruises.co.il\/?page_id=48270"},"modified":"2026-01-20T11:52:30","modified_gmt":"2026-01-20T09:52:30","slug":"isafjordur","status":"publish","type":"page","link":"https:\/\/msccruises.co.il\/en\/our-cruises\/destinations\/northern-europe\/iceland\/isafjordur\/","title":{"rendered":"Isafjordur"},"content":{"rendered":"<p><div class=\"fusion-fullwidth fullwidth-box fusion-builder-row-1 fusion-flex-container has-pattern-background has-mask-background hundred-percent-fullwidth non-hundred-percent-height-scrolling\" style=\"--awb-border-radius-top-left:0px;--awb-border-radius-top-right:0px;--awb-border-radius-bottom-right:0px;--awb-border-radius-bottom-left:0px;--awb-padding-right:0px;--awb-padding-left:0px;--awb-flex-wrap:wrap;\" ><div class=\"fusion-builder-row fusion-row fusion-flex-align-items-flex-start fusion-flex-content-wrap\" style=\"width:104% !important;max-width:104% !important;margin-left: calc(-4% \/ 2 );margin-right: calc(-4% \/ 2 );\"><div class=\"fusion-layout-column fusion_builder_column fusion-builder-column-0 fusion_builder_column_1_1 1_1 fusion-flex-column fusion-flex-align-self-flex-start\" style=\"--awb-padding-top:0px;--awb-padding-right:0px;--awb-padding-bottom:0px;--awb-padding-left:0px;--awb-bg-position:center top;--awb-bg-size:cover;--awb-width-large:100%;--awb-margin-top-large:5%;--awb-spacing-right-large:1.92%;--awb-margin-bottom-large:20px;--awb-spacing-left-large:1.92%;--awb-width-medium:100%;--awb-order-medium:0;--awb-spacing-right-medium:1.92%;--awb-spacing-left-medium:1.92%;--awb-width-small:100%;--awb-order-small:0;--awb-spacing-right-small:1.92%;--awb-spacing-left-small:1.92%;\" data-scroll-devices=\"small-visibility,medium-visibility,large-visibility\"><div class=\"fusion-column-wrapper fusion-column-has-shadow fusion-flex-justify-content-flex-start fusion-content-layout-column\"><div class=\"fusion-text fusion-text-1\"><div class=\"editorial-image-text--middle editorial-image-text--from-left\" style=\"text-align: center;\">\n<h1 class=\"page-title title-center\"><span style=\"color: #000033;\">ISAFJORDUR\u00a0CRUISE<\/span><\/h1>\n<\/div>\n<\/div><\/div><\/div><\/div><\/div><div class=\"fusion-fullwidth fullwidth-box fusion-builder-row-2 fusion-flex-container has-pattern-background has-mask-background nonhundred-percent-fullwidth non-hundred-percent-height-scrolling\" style=\"--awb-border-radius-top-left:0px;--awb-border-radius-top-right:0px;--awb-border-radius-bottom-right:0px;--awb-border-radius-bottom-left:0px;--awb-padding-right-small:1%;--awb-padding-left-small:1%;--awb-flex-wrap:wrap;\" ><div class=\"fusion-builder-row fusion-row fusion-flex-align-items-flex-start fusion-flex-content-wrap\" style=\"max-width:calc( 1420px + 35px );margin-left: calc(-35px \/ 2 );margin-right: calc(-35px \/ 2 );\"><div class=\"fusion-layout-column fusion_builder_column fusion-builder-column-1 fusion_builder_column_3_5 3_5 fusion-flex-column fusion-flex-align-self-flex-start\" style=\"--awb-padding-right:0px;--awb-padding-left:0px;--awb-bg-size:cover;--awb-width-large:60%;--awb-margin-top-large:1%;--awb-spacing-right-large:17.5px;--awb-margin-bottom-large:20px;--awb-spacing-left-large:17.5px;--awb-width-medium:100%;--awb-order-medium:0;--awb-spacing-right-medium:17.5px;--awb-spacing-left-medium:17.5px;--awb-width-small:100%;--awb-order-small:0;--awb-spacing-right-small:17.5px;--awb-spacing-left-small:17.5px;\" data-scroll-devices=\"small-visibility,medium-visibility,large-visibility\"><div class=\"fusion-column-wrapper lazyload fusion-column-has-shadow fusion-flex-justify-content-flex-start fusion-content-layout-column fusion-empty-column-bg-image fusion-column-has-bg-image\" data-bg-url=\"https:\/\/msccruises.co.il\/wp-content\/uploads\/2024\/04\/ISAF.jpg\" data-bg=\"https:\/\/msccruises.co.il\/wp-content\/uploads\/2024\/04\/ISAF.jpg\"><img decoding=\"async\" class=\"fusion-empty-dims-img-placeholder\" aria-label=\"ISAF\" src=\"data:image\/svg+xml,%3Csvg%20xmlns%3D%27http%3A%2F%2Fwww.w3.org%2F2000%2Fsvg%27%20width%3D%27827%27%20height%3D%27479%27%20viewBox%3D%270%200%20827%20479%27%3E%3Crect%20width%3D%27827%27%20height%3D%27479%27%20fill-opacity%3D%220%22%2F%3E%3C%2Fsvg%3E\"><\/div><\/div><div class=\"fusion-layout-column fusion_builder_column fusion-builder-column-2 fusion_builder_column_2_5 2_5 fusion-flex-column\" style=\"--awb-padding-right:0px;--awb-bg-size:cover;--awb-width-large:40%;--awb-margin-top-large:0px;--awb-spacing-right-large:0px;--awb-margin-bottom-large:20px;--awb-spacing-left-large:17.5px;--awb-width-medium:100%;--awb-order-medium:0;--awb-spacing-right-medium:17.5px;--awb-spacing-left-medium:17.5px;--awb-width-small:100%;--awb-order-small:0;--awb-spacing-right-small:17.5px;--awb-spacing-left-small:17.5px;\" data-scroll-devices=\"small-visibility,medium-visibility,large-visibility\"><div class=\"fusion-column-wrapper fusion-column-has-shadow fusion-flex-justify-content-flex-start fusion-content-layout-column\"><div class=\"fusion-text fusion-text-2\"><h4 dir=\"ltr\"><span style=\"color: #000033;\">Start planning your cruise and book your excursions to \u00cdsafj\u00f6r\u00f0ur<\/span><\/h4>\n<div class=\"editorial-text editorial-text--readmore\" dir=\"ltr\">\n<p><span style=\"color: #000033;\">On the shores of Skutulsfj\u00f6r\u00f0ur, on the northwestern point of Iceland, lies the ancient town of \u00cdsafj\u00f6r\u00f0ur, an\u00a0MSC Northern Europe Cruises\u00a0destination. Nearby, the spear-shaped island of Vigur is a pristine paradise, home to puffins, gulls, and a delightful sea lion colony.<\/span><\/p>\n<p><span style=\"color: #000033;\">MSC Cruises excursions\u00a0offer plenty of exciting things to see including:<\/span><\/p>\n<p><span style=\"color: #000033;\">\u2022 Dynjandi Waterfall<\/span><br \/>\n<span style=\"color: #000033;\">\u2022 Thingeyri: Old Traditions and Viking Culture<\/span><br \/>\n<span style=\"color: #000033;\">\u2022 Vigur Island<\/span><\/p>\n<p><span style=\"color: #000033;\">Cascading down the hillside of Arnarfj\u00f6r\u00f0ur is the magnificent\u00a0<strong>Dynjandi Waterfall<\/strong>.<\/span><\/p>\n<\/div>\n<\/div><div class=\"accordian fusion-accordian\" style=\"margin-top:1%;--awb-margin-top:1%;--awb-border-size:1px;--awb-icon-size:13px;--awb-content-font-size:16px;--awb-icon-alignment:left;--awb-hover-color:#f9f9f9;--awb-border-color:#cccccc;--awb-background-color:#ffffff;--awb-divider-color:var(--awb-color3);--awb-divider-hover-color:var(--awb-color3);--awb-icon-color:#ffffff;--awb-title-color:#ff690e;--awb-content-color:#201f1e;--awb-icon-box-color:#333333;--awb-toggle-hover-accent-color:#002d56;--awb-title-font-family:&quot;Open Sans&quot;;--awb-title-font-weight:700;--awb-title-font-style:normal;--awb-title-font-size:13px;--awb-content-font-family:&quot;Open Sans&quot;;--awb-content-font-style:normal;--awb-content-font-weight:regular;\"><div class=\"panel-group fusion-toggle-icon-boxed\" id=\"accordion-48270-1\"><div class=\"fusion-panel panel-default panel-8d9524008279daa53 fusion-toggle-has-divider\" style=\"--awb-title-color:#ff690e;--awb-content-color:#201f1e;\"><div class=\"panel-heading\"><h4 class=\"panel-title toggle\" id=\"toggle_8d9524008279daa53\"><a aria-expanded=\"false\" aria-controls=\"8d9524008279daa53\" role=\"button\" data-toggle=\"collapse\" data-parent=\"#accordion-48270-1\" data-target=\"#8d9524008279daa53\" href=\"#8d9524008279daa53\"><span class=\"fusion-toggle-icon-wrapper\" aria-hidden=\"true\"><i class=\"fa-fusion-box active-icon awb-icon-minus\" aria-hidden=\"true\"><\/i><i class=\"fa-fusion-box inactive-icon awb-icon-plus\" aria-hidden=\"true\"><\/i><\/span><span class=\"fusion-toggle-heading\">Read More<\/span><\/a><\/h4><\/div><div id=\"8d9524008279daa53\" class=\"panel-collapse collapse \" aria-labelledby=\"toggle_8d9524008279daa53\"><div class=\"panel-body toggle-content fusion-clearfix\">\n<p dir=\"ltr\" style=\"text-align: left;\"><span style=\"color: #000033;\">On an MSC Cruises excursion, you\u2019ll enjoy a leisurely coach drive across stunning terrain to this epic natural wonder. Admire the waterfall\u2019s incredible flow as it tumbles down the mountain. Stop to take pictures or wander the landscape of the remote but beautiful Westfjords.<\/span><\/p>\n<p><span style=\"color: #000033;\">The charming town of Thingeyri awaits you on an MSC Cruises excursion. Here, you\u2019ll explore a land profoundly steeped in ancient folklore and enthralling Viking culture. Visit the\u00a0<strong>Old Blacksmith\u2019s Workshop<\/strong>\u00a0which is now a fascinating museum. Watch the metalsmiths busy at work and learn more about its history. Next, stop by Thingeyri\u2019s &#8216;<strong>Viking Area<\/strong>&#8216; where modern-day Vikings battle, dance, and sing folk songs. Lastly, explore the riding arena in\u00a0<strong>Sandar\u00a0<\/strong>where you\u2019ll admire the beautiful\u00a0<strong>Icelandic horses<\/strong>.<\/span><\/p>\n<p><span style=\"color: #000033;\">The Island of Vigur is a charming green oasis bathed in the northern blue waters of the\u00a0<strong>\u00cdsafjar\u00f0ardj\u00fap Fjord<\/strong>. In spring, the isle becomes a nesting ground for countless bird species, and during summer, puffins, arctic terns, black guillemots, and eider ducks arrive in significant numbers. On this MSC Cruises excursion, you\u2019ll enjoy a 30-minute boat ride before taking a stroll around the island to explore its natural beauty. Visit\u00a0<strong>Viktoria House<\/strong>, Iceland\u2019s only windmill, and the smallest post office in the country!<\/span><\/p>\n<\/div><\/div><\/div><\/div><\/div><\/div><\/div><\/div><\/div><div class=\"fusion-fullwidth fullwidth-box fusion-builder-row-3 fusion-flex-container has-pattern-background has-mask-background nonhundred-percent-fullwidth non-hundred-percent-height-scrolling\" style=\"--awb-border-radius-top-left:0px;--awb-border-radius-top-right:0px;--awb-border-radius-bottom-right:0px;--awb-border-radius-bottom-left:0px;--awb-flex-wrap:wrap;\" ><div class=\"fusion-builder-row fusion-row fusion-flex-align-items-flex-start fusion-flex-content-wrap\" style=\"max-width:1476.8px;margin-left: calc(-4% \/ 2 );margin-right: calc(-4% \/ 2 );\"><div class=\"fusion-layout-column fusion_builder_column fusion-builder-column-3 fusion_builder_column_1_1 1_1 fusion-flex-column\" style=\"--awb-bg-size:cover;--awb-width-large:100%;--awb-margin-top-large:0px;--awb-spacing-right-large:1.92%;--awb-margin-bottom-large:20px;--awb-spacing-left-large:1.92%;--awb-width-medium:100%;--awb-order-medium:0;--awb-spacing-right-medium:1.92%;--awb-spacing-left-medium:1.92%;--awb-width-small:100%;--awb-order-small:0;--awb-spacing-right-small:1.92%;--awb-spacing-left-small:1.92%;\"><div class=\"fusion-column-wrapper fusion-column-has-shadow fusion-flex-justify-content-flex-start fusion-content-layout-column\"><div class=\"fusion-text fusion-text-3\" style=\"--awb-font-size:14px;\"><p style=\"direction: ltr;\"><strong>ICELAND INFRASTRUCTURAL FEE<\/strong><\/p>\n<p style=\"direction: ltr;\">We inform you that Icelandic authorities apply an infrastructure fee to all cruise guests visiting Icelandic ports.<\/p>\n<p style=\"direction: ltr;\">For 2026 and 2027 the fee is ISK 1,600 (approx. \u20ac11) per person per 24-hour period in Icelandic ports, reduced from ISK 2,500 in 2025. To simplify the process, MSC Cruises will pay this fee on behalf of the guests and debit the amount to their onboard account after departure from Iceland.<\/p>\n<p style=\"direction: ltr;\">Please note: This fee applies to all guests, regardless of disembarkation or remaining onboard while the ship is docked.<\/p>\n<\/div><\/div><\/div><\/div><\/div><div class=\"fusion-fullwidth fullwidth-box fusion-builder-row-4 fusion-flex-container has-pattern-background has-mask-background nonhundred-percent-fullwidth non-hundred-percent-height-scrolling\" style=\"--awb-border-radius-top-left:0px;--awb-border-radius-top-right:0px;--awb-border-radius-bottom-right:0px;--awb-border-radius-bottom-left:0px;--awb-flex-wrap:wrap;\" ><div class=\"fusion-builder-row fusion-row fusion-flex-align-items-flex-start fusion-flex-content-wrap\" style=\"max-width:1476.8px;margin-left: calc(-4% \/ 2 );margin-right: calc(-4% \/ 2 );\"><div class=\"fusion-layout-column fusion_builder_column fusion-builder-column-4 fusion_builder_column_1_1 1_1 fusion-flex-column\" style=\"--awb-bg-size:cover;--awb-width-large:100%;--awb-margin-top-large:0px;--awb-spacing-right-large:1.92%;--awb-margin-bottom-large:20px;--awb-spacing-left-large:1.92%;--awb-width-medium:100%;--awb-order-medium:0;--awb-spacing-right-medium:1.92%;--awb-spacing-left-medium:1.92%;--awb-width-small:100%;--awb-order-small:0;--awb-spacing-right-small:1.92%;--awb-spacing-left-small:1.92%;\"><div class=\"fusion-column-wrapper fusion-column-has-shadow fusion-flex-justify-content-flex-start fusion-content-layout-column\"><div class=\"fusion-text fusion-text-4\"><p dir=\"ltr\"><strong>IMPORTANT INFORMATION<\/strong><br \/>\nAt this port, the ship may anchor offshore, requiring Guests to use a tender boat (a smaller vessel) to reach the shore. Please be aware that the tender may not be suitable for individuals with disabilities, reduced mobility, or balance issues. Ensuring the safety of our guests is our top priority, so it is crucial that guests can safely use the tender. For further details, please refer to our\u00a0<a href=\"https:\/\/msccruises.co.il\/en\/terms-and-conditions\/\"><em>Terms &amp; Conditions<\/em><\/a>\u00a0(Section 7).<\/p>\n<\/div><\/div><\/div><\/div><\/div><div class=\"fusion-fullwidth fullwidth-box fusion-builder-row-5 fusion-flex-container has-pattern-background has-mask-background nonhundred-percent-fullwidth non-hundred-percent-height-scrolling\" style=\"--awb-border-radius-top-left:0px;--awb-border-radius-top-right:0px;--awb-border-radius-bottom-right:0px;--awb-border-radius-bottom-left:0px;--awb-padding-right-small:1%;--awb-padding-left-small:1%;--awb-margin-top:5%;--awb-margin-top-small:15%;--awb-flex-wrap:wrap;\" ><div class=\"fusion-builder-row fusion-row fusion-flex-align-items-flex-start fusion-flex-content-wrap\" style=\"max-width:1476.8px;margin-left: calc(-4% \/ 2 );margin-right: calc(-4% \/ 2 );\"><div class=\"fusion-layout-column fusion_builder_column fusion-builder-column-5 fusion_builder_column_1_1 1_1 fusion-flex-column\" style=\"--awb-bg-size:cover;--awb-width-large:100%;--awb-margin-top-large:0px;--awb-spacing-right-large:1.92%;--awb-margin-bottom-large:20px;--awb-spacing-left-large:1.92%;--awb-width-medium:100%;--awb-order-medium:0;--awb-spacing-right-medium:1.92%;--awb-spacing-left-medium:1.92%;--awb-width-small:100%;--awb-order-small:0;--awb-spacing-right-small:1.92%;--awb-spacing-left-small:1.92%;\"><div class=\"fusion-column-wrapper fusion-column-has-shadow fusion-flex-justify-content-flex-start fusion-content-layout-column\"><div class=\"fusion-text fusion-text-5\"><h2 class=\"section-title title-line-decoration title-center\" style=\"text-align: center;\"><span style=\"color: #000033;\">CRUISES FROM \/ TO ISAFJORDUR\u00a0<\/span><\/h2>\n<\/div><\/div><\/div><\/div><\/div><div class=\"fusion-fullwidth fullwidth-box fusion-builder-row-6 fusion-flex-container has-pattern-background has-mask-background nonhundred-percent-fullwidth non-hundred-percent-height-scrolling\" style=\"--awb-border-radius-top-left:0px;--awb-border-radius-top-right:0px;--awb-border-radius-bottom-right:0px;--awb-border-radius-bottom-left:0px;--awb-padding-right:0px;--awb-padding-left:0px;--awb-flex-wrap:wrap;\" ><div class=\"fusion-builder-row fusion-row fusion-flex-align-items-flex-start fusion-flex-content-wrap\" style=\"max-width:1476.8px;margin-left: calc(-4% \/ 2 );margin-right: calc(-4% \/ 2 );\"><div class=\"fusion-layout-column fusion_builder_column fusion-builder-column-6 fusion_builder_column_1_1 1_1 fusion-flex-column fusion-flex-align-self-flex-end fusion-column-inner-bg-wrapper\" style=\"--awb-padding-top:18%;--awb-padding-bottom:5%;--awb-inner-bg-size:cover;--awb-width-large:100%;--awb-margin-top-large:0px;--awb-spacing-right-large:1.92%;--awb-margin-bottom-large:20px;--awb-spacing-left-large:1.92%;--awb-width-medium:100%;--awb-order-medium:0;--awb-spacing-right-medium:1.92%;--awb-spacing-left-medium:1.92%;--awb-width-small:100%;--awb-order-small:0;--awb-spacing-right-small:1.92%;--awb-spacing-left-small:1.92%;\" data-scroll-devices=\"small-visibility,medium-visibility,large-visibility\"><span class=\"fusion-column-inner-bg hover-type-none\"><a class=\"fusion-column-anchor\" href=\"https:\/\/book.msccruises.co.il\/swift\/cruise?siid=923637&#038;lang=1&#038;Destinations=39&#038;destinationType=All&#038;PortsOfCall=Isafjordur&#038;sortColumn=price&#038;sortOrder=asc\" rel=\"noopener noreferrer\" target=\"_blank\"><span class=\"fusion-column-inner-bg-image lazyload\" data-bg=\"https:\/\/msccruises.co.il\/wp-content\/uploads\/2023\/12\/cruise-to.jpg\"><\/span><\/a><\/span><div class=\"fusion-column-wrapper fusion-column-has-shadow fusion-flex-justify-content-flex-end fusion-content-layout-column fusion-column-has-bg-image\" data-bg-url=\"https:\/\/msccruises.co.il\/wp-content\/uploads\/2023\/12\/cruise-to.jpg\"><div style=\"text-align:center;\"><a class=\"fusion-button button-flat fusion-button-default-size button-default fusion-button-default button-1 fusion-button-default-span fusion-button-default-type\" style=\"--button-border-radius-top-left:5px;--button-border-radius-top-right:5px;--button-border-radius-bottom-right:5px;--button-border-radius-bottom-left:5px;\" target=\"_blank\" rel=\"noopener noreferrer\"><span class=\"fusion-button-text awb-button__text awb-button__text--default\">Find Cruises To Isafjordur<\/span><\/a><\/div><\/div><\/div><\/div><\/div><\/p>\n","protected":false},"excerpt":{"rendered":"","protected":false},"author":21,"featured_media":0,"parent":47756,"menu_order":0,"comment_status":"closed","ping_status":"closed","template":"100-width.php","meta":{"_acf_changed":false,"footnotes":""},"categories":[270],"tags":[],"class_list":["post-48270","page","type-page","status-publish","hentry","category-ports"],"acf":[],"_links":{"self":[{"href":"https:\/\/msccruises.co.il\/en\/wp-json\/wp\/v2\/pages\/48270","targetHints":{"allow":["GET"]}}],"collection":[{"href":"https:\/\/msccruises.co.il\/en\/wp-json\/wp\/v2\/pages"}],"about":[{"href":"https:\/\/msccruises.co.il\/en\/wp-json\/wp\/v2\/types\/page"}],"author":[{"embeddable":true,"href":"https:\/\/msccruises.co.il\/en\/wp-json\/wp\/v2\/users\/21"}],"replies":[{"embeddable":true,"href":"https:\/\/msccruises.co.il\/en\/wp-json\/wp\/v2\/comments?post=48270"}],"version-history":[{"count":1,"href":"https:\/\/msccruises.co.il\/en\/wp-json\/wp\/v2\/pages\/48270\/revisions"}],"predecessor-version":[{"id":64196,"href":"https:\/\/msccruises.co.il\/en\/wp-json\/wp\/v2\/pages\/48270\/revisions\/64196"}],"up":[{"embeddable":true,"href":"https:\/\/msccruises.co.il\/en\/wp-json\/wp\/v2\/pages\/47756"}],"wp:attachment":[{"href":"https:\/\/msccruises.co.il\/en\/wp-json\/wp\/v2\/media?parent=48270"}],"wp:term":[{"taxonomy":"category","embeddable":true,"href":"https:\/\/msccruises.co.il\/en\/wp-json\/wp\/v2\/categories?post=48270"},{"taxonomy":"post_tag","embeddable":true,"href":"https:\/\/msccruises.co.il\/en\/wp-json\/wp\/v2\/tags?post=48270"}],"curies":[{"name":"wp","href":"https:\/\/api.w.org\/{rel}","templated":true}]}}